{"id":1118,"date":"2021-06-03T14:11:59","date_gmt":"2021-06-03T12:11:59","guid":{"rendered":"http:\/\/biodiversite-amazonienne.org\/?page_id=1118"},"modified":"2023-06-06T16:58:14","modified_gmt":"2023-06-06T14:58:14","slug":"alternativas-economicas","status":"publish","type":"page","link":"https:\/\/biodiversite-amazonienne.org\/index.php\/es\/alternativas-economicas\/","title":{"rendered":"Alternativas econ\u00f3micas"},"content":{"rendered":"\n<p>La participaci\u00f3n de las comunidades es esencial en la conservaci\u00f3n de la biodiversidad, y Biodiversidad Amaz\u00f3nica trabaja para garantizar que los beneficios de la conservaci\u00f3n impulsen el desarrollo de las comunidades.<\/p>\n\n\n\n<p>El reto m\u00e1s importante es demostrar, mediante una buena gesti\u00f3n sobre el terreno, que es posible mejorar el modo de vida de las poblaciones rurales, conservar la biodiversidad y crear riqueza gracias a las diferentes formas de utilizar los ecosistemas y, al mismo tiempo, reducir las presiones externas que contribuyen a la deforestaci\u00f3n y la degradaci\u00f3n de la biodiversidad.<\/p>\n\n\n\n<p>Para ello, acompa\u00f1amos a las comunidades en la ejecuci\u00f3n de varios proyectos: agroforester\u00eda, gesti\u00f3n de la pesca, apicultura, regeneraci\u00f3n de bosques con especies aut\u00f3ctonas, etc.<\/p>\n\n\n\n<p>Actualmente estamos trabajando para establecer una cadena de valor justa y transparente basada en el uso sostenible de los recursos naturales del bosque, como el aguaje y el acai. De estos frutos end\u00e9micos queremos extraer y vender aceite, lo que permitir\u00e1 a los participantes de la comunidad diversificar sus fuentes de ingresos y crearse perspectivas diferentes. Para Biodiversit\u00e9 Amazonienne, se trata de una oportunidad de financiar el trabajo de conservaci\u00f3n que llevan a cabo los guardas forestales, utilizando los recursos naturales y locales de forma sostenible.<\/p>\n\n\n\n<p class=\"has-text-align-center\"><img loading=\"lazy\" width=\"960\" height=\"540\" srcset=\"http:\/\/biodiversite-amazonienne.org\/wp-content\/uploads\/2021\/04\/Image-aguaje.jpg 960w, http:\/\/biodiversite-amazonienne.org\/wp-content\/uploads\/2021\/04\/Image-aguaje-300x169.jpg 300w, http:\/\/biodiversite-amazonienne.org\/wp-content\/uploads\/2021\/04\/Image-aguaje-768x432.jpg 768w\" src=\"http:\/\/biodiversite-amazonienne.org\/wp-content\/uploads\/2021\/04\/Image-aguaje.jpg\" alt=\"\"><br>Cultivo sostenible del aguaje<br><\/p>\n\n\n\n<div class=\"wp-block-image\"><figure class=\"aligncenter\"><img loading=\"lazy\" width=\"996\" height=\"570\" src=\"http:\/\/biodiversite-amazonienne.org\/wp-content\/uploads\/2018\/06\/fsq.png\" alt=\"\" class=\"wp-image-408\" srcset=\"https:\/\/biodiversite-amazonienne.org\/wp-content\/uploads\/2018\/06\/fsq.png 996w, https:\/\/biodiversite-amazonienne.org\/wp-content\/uploads\/2018\/06\/fsq-300x172.png 300w, https:\/\/biodiversite-amazonienne.org\/wp-content\/uploads\/2018\/06\/fsq-768x440.png 768w\" sizes=\"(max-width: 767px) 89vw, (max-width: 1000px) 54vw, (max-width: 1071px) 543px, 580px\" \/><figcaption>Crianza de abejas aut\u00f3ctonas<\/figcaption><\/figure><\/div>\n","protected":false},"excerpt":{"rendered":"<p>La participaci\u00f3n de las comunidades es esencial en la conservaci\u00f3n de la biodiversidad, y Biodiversidad Amaz\u00f3nica trabaja para garantizar que los beneficios de la conservaci\u00f3n impulsen el desarrollo de las comunidades. El reto m\u00e1s importante es demostrar, mediante una buena gesti\u00f3n sobre el terreno, que es posible mejorar el modo de vida de las poblaciones &hellip; <\/p>\n<p class=\"link-more\"><a href=\"https:\/\/biodiversite-amazonienne.org\/index.php\/es\/alternativas-economicas\/\" class=\"more-link\">Continuer la lecture<span class=\"screen-reader-text\"> de &laquo;&nbsp;Alternativas econ\u00f3micas&nbsp;&raquo;<\/span><\/a><\/p>\n","protected":false},"author":1,"featured_media":317,"parent":0,"menu_order":0,"comment_status":"closed","ping_status":"closed","template":"","meta":[],"_links":{"self":[{"href":"https:\/\/biodiversite-amazonienne.org\/index.php\/wp-json\/wp\/v2\/pages\/1118"}],"collection":[{"href":"https:\/\/biodiversite-amazonienne.org\/index.php\/wp-json\/wp\/v2\/pages"}],"about":[{"href":"https:\/\/biodiversite-amazonienne.org\/index.php\/wp-json\/wp\/v2\/types\/page"}],"author":[{"embeddable":true,"href":"https:\/\/biodiversite-amazonienne.org\/index.php\/wp-json\/wp\/v2\/users\/1"}],"replies":[{"embeddable":true,"href":"https:\/\/biodiversite-amazonienne.org\/index.php\/wp-json\/wp\/v2\/comments?post=1118"}],"version-history":[{"count":3,"href":"https:\/\/biodiversite-amazonienne.org\/index.php\/wp-json\/wp\/v2\/pages\/1118\/revisions"}],"predecessor-version":[{"id":1644,"href":"https:\/\/biodiversite-amazonienne.org\/index.php\/wp-json\/wp\/v2\/pages\/1118\/revisions\/1644"}],"wp:featuredmedia":[{"embeddable":true,"href":"https:\/\/biodiversite-amazonienne.org\/index.php\/wp-json\/wp\/v2\/media\/317"}],"wp:attachment":[{"href":"https:\/\/biodiversite-amazonienne.org\/index.php\/wp-json\/wp\/v2\/media?parent=1118"}],"curies":[{"name":"wp","href":"https:\/\/api.w.org\/{rel}","templated":true}]}}