{"id":1139,"date":"2021-06-03T19:06:36","date_gmt":"2021-06-03T17:06:36","guid":{"rendered":"http:\/\/biodiversite-amazonienne.org\/?page_id=1139"},"modified":"2021-06-04T11:12:24","modified_gmt":"2021-06-04T09:12:24","slug":"hacer-una-donacion","status":"publish","type":"page","link":"https:\/\/biodiversite-amazonienne.org\/index.php\/es\/hacer-una-donacion\/","title":{"rendered":"Hacer una donaci\u00f3n"},"content":{"rendered":"<h1 style=\"text-align: center;\"><span style=\"color: #008000;\"><strong>Act\u00fao hoy para ayudar a conservar la diversidad biol\u00f3gica del planeta<\/strong><\/span><\/h1>\n<p>\u00a0<\/p>\n<p><iframe id=\"haWidget\" style=\"width: 350px; height: 450px; border: none;\" src=\"https:\/\/www.helloasso.com\/associations\/biodiversite-amazonienne\/collectes\/conservation-de-la-biodiversite-en-amazonie-1\/widget-vignette\"><\/iframe><\/p>\n<div style=\"width: 100%; text-align: center;\">Desarrollado por <a href=\"https:\/\/www.helloasso.com\" rel=\"nofollow\">HelloAsso<\/a><\/div>\n<div>\u00a0<\/div>\n<div>\n<h2>\u00a0<\/h2>\n<h2><span style=\"color: #008000;\"><strong>\u00bfPor qu\u00e9 apoyarnos<\/strong><\/span><\/h2>\n<\/div>\n<div>\u00a0<\/div>\n<ul>\n<li>Porque el 17% de la selva amaz\u00f3nica ya ha desaparecido<\/li>\n<li>Cada a\u00f1o desaparecen 13 millones de hect\u00e1reas de bosque<\/li>\n<li>Se calcula que cada a\u00f1o desaparecen 27.000 especies animales y vegetales debido a la deforestaci\u00f3n<\/li>\n<li>La deforestaci\u00f3n tropical es responsable del 20% de las emisiones mundiales de gases de efecto invernadero<\/li>\n<\/ul>\n<h5>Conservar es reducir la p\u00e9rdida de biodiversidad y de ecosistemas que son fundamentales para la supervivencia humana<\/h5>\n<h5>Conservar es contribuir a la lucha contra el cambio clim\u00e1tico evitando las emisiones de gases de efecto invernadero,<\/h5>\n<h5 style=\"text-align: center;\"><span style=\"color: #008000;\"><strong>\u00a0<\/strong><\/span><\/h5>\n<p align=\"JUSTIFY\">Convi\u00e9rtete en un actor del cambio y \u00fanete a nuestra lucha. Porque juntos somos m\u00e1s fuertes, \u00a1tu apoyo es precioso para nosotros!<\/p>\n<h2><iframe id=\"haWidget\" style=\"width: 100%; height: 70px; border: none;\" src=\"https:\/\/www.helloasso.com\/associations\/biodiversite-amazonienne\/collectes\/conservation-de-la-biodiversite-en-amazonie-1\/widget-bouton\"><\/iframe><\/h2>\n\n\n<p><h1 style=\"text-align: center;\"><span style=\"color: #008000;\"><strong>J&rsquo;agis d\u00e8s aujourd&rsquo;hui pour aider \u00e0 conserver la diversit\u00e9 biologique de la plan\u00e8te<\/strong><\/span><\/h1>\n<p>\u00a0<\/p>\n<p><iframe id=\"haWidget\" style=\"width: 350px; height: 450px; border: none;\" src=\"https:\/\/www.helloasso.com\/associations\/biodiversite-amazonienne\/collectes\/conservation-de-la-biodiversite-en-amazonie-1\/widget-vignette\"><\/iframe><\/p>\n<div style=\"width: 100%; text-align: center;\">Propuls\u00e9 par <a href=\"https:\/\/www.helloasso.com\" rel=\"nofollow\">HelloAsso<\/a><\/div>\n<div>\u00a0<\/div>\n<div>\n<h2>\u00a0<\/h2>\n<h2><span style=\"color: #008000;\"><strong>Pourquoi nous soutenir ?<\/strong><\/span><\/h2>\n<\/div>\n<div>\u00a0<\/div>\n<ul>\n<li>Parce que<strong> 17% de la for\u00eat amazonienne a d\u00e9j\u00e0 disparu<\/strong><\/li>\n<li><strong>13 millions d&rsquo;hectares<\/strong> de for\u00eats disparaissent chaque ann\u00e9e<\/li>\n<li>On estime que<strong> 27 000 esp\u00e8ces animales et v\u00e9g\u00e9tales disparaissent<\/strong> chaque ann\u00e9e \u00e0 cause de la d\u00e9forestation<\/li>\n<li><span style=\"display: inline !important; float: none; background-color: transparent; color: #333333; cursor: text; font-family: 'Libre Franklin','Helvetica Neue',helvetica,arial,sans-serif; font-size: 16px; font-style: normal; font-variant: normal; font-weight: 400; letter-spacing: normal; orphans: 2; text-align: left; text-decoration: none; text-indent: 0px; text-transform: none; -webkit-text-stroke-width: 0px; white-space: normal; word-spacing: 0px;\">La d\u00e9forestation tropicale est responsable de <strong>20% des \u00e9missions mondiales de gaz \u00e0 effet de serre<\/strong><\/span><\/li>\n<\/ul>\n<h5>Conserver, c&rsquo;est r\u00e9duire la perte de la biodiversit\u00e9 et des \u00e9cosyst\u00e8mes fondamentaux pour la survie de l&rsquo;Homme<\/h5>\n<h5>Conserver, c&rsquo;est contribuer \u00e0 la lutte contre le changement climatique en \u00e9vitant les \u00e9missions de gaz \u00e0 effet de serre<\/h5>\n<p>\u00a0<\/p>\n<h5 style=\"text-align: center;\"><span style=\"color: #008000;\"><strong>La concession de conservation Yanayacu-Maquia est encore intacte, mais pour combien de temps ?<\/strong><\/span><\/h5>\n<h5 style=\"text-align: center;\"><span style=\"color: #008000;\"><strong>\u00a0<\/strong><\/span><\/h5>\n<p align=\"JUSTIFY\">Devenez acteur du changement et joignez-vous \u00e0 notre combat. Parce qu&rsquo;ensemble nous sommes plus fort, votre soutien nous est pr\u00e9cieux !<\/p>\n<h2><iframe id=\"haWidget\" style=\"width: 100%; height: 70px; border: none;\" src=\"https:\/\/www.helloasso.com\/associations\/biodiversite-amazonienne\/collectes\/conservation-de-la-biodiversite-en-amazonie-1\/widget-bouton\"><\/iframe><\/h2><\/p>\n","protected":false},"excerpt":{"rendered":"<p>Act\u00fao hoy para ayudar a conservar la diversidad biol\u00f3gica del planeta \u00a0 Desarrollado por HelloAsso \u00a0 \u00a0 \u00bfPor qu\u00e9 apoyarnos \u00a0 Porque el 17% de la selva amaz\u00f3nica ya ha desaparecido Cada a\u00f1o desaparecen 13 millones de hect\u00e1reas de bosque Se calcula que cada a\u00f1o desaparecen 27.000 especies animales y vegetales debido a la deforestaci\u00f3n &hellip; <\/p>\n<p class=\"link-more\"><a href=\"https:\/\/biodiversite-amazonienne.org\/index.php\/es\/hacer-una-donacion\/\" class=\"more-link\">Continuer la lecture<span class=\"screen-reader-text\"> de &laquo;&nbsp;Hacer una donaci\u00f3n&nbsp;&raquo;<\/span><\/a><\/p>\n","protected":false},"author":1,"featured_media":0,"parent":0,"menu_order":0,"comment_status":"closed","ping_status":"closed","template":"","meta":[],"_links":{"self":[{"href":"https:\/\/biodiversite-amazonienne.org\/index.php\/wp-json\/wp\/v2\/pages\/1139"}],"collection":[{"href":"https:\/\/biodiversite-amazonienne.org\/index.php\/wp-json\/wp\/v2\/pages"}],"about":[{"href":"https:\/\/biodiversite-amazonienne.org\/index.php\/wp-json\/wp\/v2\/types\/page"}],"author":[{"embeddable":true,"href":"https:\/\/biodiversite-amazonienne.org\/index.php\/wp-json\/wp\/v2\/users\/1"}],"replies":[{"embeddable":true,"href":"https:\/\/biodiversite-amazonienne.org\/index.php\/wp-json\/wp\/v2\/comments?post=1139"}],"version-history":[{"count":3,"href":"https:\/\/biodiversite-amazonienne.org\/index.php\/wp-json\/wp\/v2\/pages\/1139\/revisions"}],"predecessor-version":[{"id":1246,"href":"https:\/\/biodiversite-amazonienne.org\/index.php\/wp-json\/wp\/v2\/pages\/1139\/revisions\/1246"}],"wp:attachment":[{"href":"https:\/\/biodiversite-amazonienne.org\/index.php\/wp-json\/wp\/v2\/media?parent=1139"}],"curies":[{"name":"wp","href":"https:\/\/api.w.org\/{rel}","templated":true}]}}