{"id":1143,"date":"2021-06-04T14:50:27","date_gmt":"2021-06-04T12:50:27","guid":{"rendered":"http:\/\/biodiversite-amazonienne.org\/?page_id=1143"},"modified":"2021-06-04T14:54:25","modified_gmt":"2021-06-04T12:54:25","slug":"nuestros-proyectos","status":"publish","type":"page","link":"https:\/\/biodiversite-amazonienne.org\/index.php\/es\/nuestros-proyectos\/","title":{"rendered":"Nuestros proyectos"},"content":{"rendered":"\n<p>Nuestro trabajo en la concesi\u00f3n se divide en tres tipos de proyectos: conservaci\u00f3n, investigaci\u00f3n cient\u00edfica y alternativas econ\u00f3micas. As\u00ed, buscamos proteger la Concesi\u00f3n de Conservaci\u00f3n Yanayacu Maquia mientras aprendemos m\u00e1s sobre ella y mejoramos las condiciones de vida de la gente que vive en la zona.<\/p>\n\n\n\n<div class=\"wp-block-image\"><figure class=\"aligncenter size-full is-resized\"><a href=\"http:\/\/biodiversite-amazonienne.org\/index.php\/es\/alternativas-economicas\/\"><img loading=\"lazy\" src=\"http:\/\/biodiversite-amazonienne.org\/wp-content\/uploads\/2021\/06\/ALTERNATIVAS-ECONOMICAS.jpg\" alt=\"\" class=\"wp-image-1144\" width=\"564\" height=\"372\" srcset=\"https:\/\/biodiversite-amazonienne.org\/wp-content\/uploads\/2021\/06\/ALTERNATIVAS-ECONOMICAS.jpg 564w, https:\/\/biodiversite-amazonienne.org\/wp-content\/uploads\/2021\/06\/ALTERNATIVAS-ECONOMICAS-300x198.jpg 300w\" sizes=\"(max-width: 564px) 100vw, 564px\" \/><\/a><\/figure><\/div>\n\n\n\n<div class=\"wp-block-image\"><figure class=\"aligncenter size-full is-resized\"><a href=\"http:\/\/biodiversite-amazonienne.org\/index.php\/es\/conservacion-2\/\"><img loading=\"lazy\" src=\"http:\/\/biodiversite-amazonienne.org\/wp-content\/uploads\/2021\/06\/CONSERVACION-edited.jpg\" alt=\"\" class=\"wp-image-1147\" width=\"564\" height=\"372\"\/><\/a><\/figure><\/div>\n\n\n\n<div class=\"wp-block-image\"><figure class=\"aligncenter size-full is-resized\"><a href=\"http:\/\/biodiversite-amazonienne.org\/index.php\/es\/investigacion-cientifica\/\"><img loading=\"lazy\" src=\"http:\/\/biodiversite-amazonienne.org\/wp-content\/uploads\/2021\/06\/INVESTIGACION-CIENTIFICA.jpg\" alt=\"\" class=\"wp-image-1146\" width=\"564\" height=\"372\"\/><\/a><\/figure><\/div>\n","protected":false},"excerpt":{"rendered":"<p>Nuestro trabajo en la concesi\u00f3n se divide en tres tipos de proyectos: conservaci\u00f3n, investigaci\u00f3n cient\u00edfica y alternativas econ\u00f3micas. As\u00ed, buscamos proteger la Concesi\u00f3n de Conservaci\u00f3n Yanayacu Maquia mientras aprendemos m\u00e1s sobre ella y mejoramos las condiciones de vida de la gente que vive en la zona.<\/p>\n","protected":false},"author":1,"featured_media":0,"parent":0,"menu_order":0,"comment_status":"closed","ping_status":"closed","template":"","meta":[],"_links":{"self":[{"href":"https:\/\/biodiversite-amazonienne.org\/index.php\/wp-json\/wp\/v2\/pages\/1143"}],"collection":[{"href":"https:\/\/biodiversite-amazonienne.org\/index.php\/wp-json\/wp\/v2\/pages"}],"about":[{"href":"https:\/\/biodiversite-amazonienne.org\/index.php\/wp-json\/wp\/v2\/types\/page"}],"author":[{"embeddable":true,"href":"https:\/\/biodiversite-amazonienne.org\/index.php\/wp-json\/wp\/v2\/users\/1"}],"replies":[{"embeddable":true,"href":"https:\/\/biodiversite-amazonienne.org\/index.php\/wp-json\/wp\/v2\/comments?post=1143"}],"version-history":[{"count":2,"href":"https:\/\/biodiversite-amazonienne.org\/index.php\/wp-json\/wp\/v2\/pages\/1143\/revisions"}],"predecessor-version":[{"id":1160,"href":"https:\/\/biodiversite-amazonienne.org\/index.php\/wp-json\/wp\/v2\/pages\/1143\/revisions\/1160"}],"wp:attachment":[{"href":"https:\/\/biodiversite-amazonienne.org\/index.php\/wp-json\/wp\/v2\/media?parent=1143"}],"curies":[{"name":"wp","href":"https:\/\/api.w.org\/{rel}","templated":true}]}}