{"id":1150,"date":"2021-06-04T12:22:17","date_gmt":"2021-06-04T10:22:17","guid":{"rendered":"http:\/\/biodiversite-amazonienne.org\/?page_id=1150"},"modified":"2021-06-04T12:22:58","modified_gmt":"2021-06-04T10:22:58","slug":"conservacion-2","status":"publish","type":"page","link":"https:\/\/biodiversite-amazonienne.org\/index.php\/es\/conservacion-2\/","title":{"rendered":"Conservaci\u00f3n"},"content":{"rendered":"\n<p>La explotaci\u00f3n selectiva de especies madereras de alto valor, la pesca y la caza excesivas est\u00e1n provocando la desaparici\u00f3n de especies valiosas de los r\u00edos, lagos y bosques. Para evitarlo, Biodiversidad Amaz\u00f3nica ha creado un equipo local dedicado a salvaguardar las 40.000 hect\u00e1reas de la concesi\u00f3n.<\/p>\n\n\n\n<p>Cuatro guardias forestales vigilan y controlan la zona y su per\u00edmetro a pie y\/o por el r\u00edo y mantienen una vigilancia permanente para evitar la deforestaci\u00f3n ilegal, la pesca y la caza.<\/p>\n\n\n\n<p>La instalaci\u00f3n de puestos situados en lugares estrat\u00e9gicos permite controlar y vigilar los bosques y los lagos y r\u00edos, disuadiendo a las poblaciones de hacer un uso irracional del bosque.<\/p>\n\n\n\n<figure class=\"wp-block-image size-large\"><img loading=\"lazy\" width=\"1024\" height=\"575\" src=\"http:\/\/biodiversite-amazonienne.org\/wp-content\/uploads\/2021\/06\/IMG_9459-1024x575.jpg\" alt=\"\" class=\"wp-image-1132\" srcset=\"https:\/\/biodiversite-amazonienne.org\/wp-content\/uploads\/2021\/06\/IMG_9459-1024x575.jpg 1024w, https:\/\/biodiversite-amazonienne.org\/wp-content\/uploads\/2021\/06\/IMG_9459-300x168.jpg 300w, https:\/\/biodiversite-amazonienne.org\/wp-content\/uploads\/2021\/06\/IMG_9459-768x431.jpg 768w, https:\/\/biodiversite-amazonienne.org\/wp-content\/uploads\/2021\/06\/IMG_9459-1536x862.jpg 1536w, https:\/\/biodiversite-amazonienne.org\/wp-content\/uploads\/2021\/06\/IMG_9459-2048x1150.jpg 2048w\" sizes=\"(max-width: 767px) 89vw, (max-width: 1000px) 54vw, (max-width: 1071px) 543px, 580px\" \/><figcaption>Iv\u00e1n, el guardabosques principal de la concesi\u00f3n<\/figcaption><\/figure>\n\n\n\n<p>Gracias a nuestras acciones de preservaci\u00f3n de la biodiversidad, observamos una mejora de la calidad del agua de lagos y r\u00edos, un enriquecimiento de la fauna y la flora y la recuperaci\u00f3n de especies amenazadas. Entre ellos, el delf\u00edn rosado (Inia geoffrensis), la nutria gigante (Pteronura brasiliensis), el caim\u00e1n negro (Melanosuchus niger) y variedades de monos entre otras especies end\u00e9micas o en peligro de extinci\u00f3n.<\/p>\n\n\n\n<figure class=\"wp-block-gallery columns-5 is-cropped\"><ul class=\"blocks-gallery-grid\"><li class=\"blocks-gallery-item\"><figure><img loading=\"lazy\" width=\"150\" height=\"128\" src=\"http:\/\/biodiversite-amazonienne.org\/wp-content\/uploads\/2021\/06\/jjjjj-150x128.png\" alt=\"\" data-id=\"1131\" data-full-url=\"http:\/\/biodiversite-amazonienne.org\/wp-content\/uploads\/2021\/06\/jjjjj.png\" data-link=\"http:\/\/biodiversite-amazonienne.org\/index.php\/es\/conservacion\/jjjjj\/\" class=\"wp-image-1131\"\/><\/figure><\/li><li class=\"blocks-gallery-item\"><figure><img loading=\"lazy\" width=\"150\" height=\"150\" src=\"http:\/\/biodiversite-amazonienne.org\/wp-content\/uploads\/2021\/06\/gr-150x150.png\" alt=\"\" data-id=\"1130\" data-full-url=\"http:\/\/biodiversite-amazonienne.org\/wp-content\/uploads\/2021\/06\/gr.png\" data-link=\"http:\/\/biodiversite-amazonienne.org\/index.php\/es\/conservacion\/gr-2\/\" class=\"wp-image-1130\" srcset=\"https:\/\/biodiversite-amazonienne.org\/wp-content\/uploads\/2021\/06\/gr-150x150.png 150w, https:\/\/biodiversite-amazonienne.org\/wp-content\/uploads\/2021\/06\/gr-100x100.png 100w\" sizes=\"(max-width: 150px) 100vw, 150px\" \/><\/figure><\/li><li class=\"blocks-gallery-item\"><figure><img loading=\"lazy\" width=\"300\" height=\"225\" src=\"http:\/\/biodiversite-amazonienne.org\/wp-content\/uploads\/2021\/06\/cardinal-Patoaria-gularis-300x225.jpg\" alt=\"\" data-id=\"1129\" data-full-url=\"http:\/\/biodiversite-amazonienne.org\/wp-content\/uploads\/2021\/06\/cardinal-Patoaria-gularis.jpg\" data-link=\"http:\/\/biodiversite-amazonienne.org\/index.php\/es\/conservacion\/cardinal-patoaria-gularis\/\" class=\"wp-image-1129\" srcset=\"https:\/\/biodiversite-amazonienne.org\/wp-content\/uploads\/2021\/06\/cardinal-Patoaria-gularis-300x225.jpg 300w, https:\/\/biodiversite-amazonienne.org\/wp-content\/uploads\/2021\/06\/cardinal-Patoaria-gularis-1024x768.jpg 1024w, https:\/\/biodiversite-amazonienne.org\/wp-content\/uploads\/2021\/06\/cardinal-Patoaria-gularis-768x576.jpg 768w, https:\/\/biodiversite-amazonienne.org\/wp-content\/uploads\/2021\/06\/cardinal-Patoaria-gularis-1536x1152.jpg 1536w, https:\/\/biodiversite-amazonienne.org\/wp-content\/uploads\/2021\/06\/cardinal-Patoaria-gularis-2048x1536.jpg 2048w\" sizes=\"(max-width: 300px) 100vw, 300px\" \/><\/figure><\/li><li class=\"blocks-gallery-item\"><figure><img loading=\"lazy\" width=\"300\" height=\"197\" src=\"http:\/\/biodiversite-amazonienne.org\/wp-content\/uploads\/2021\/06\/fzeq-300x197.png\" alt=\"\" data-id=\"1127\" data-full-url=\"http:\/\/biodiversite-amazonienne.org\/wp-content\/uploads\/2021\/06\/fzeq.png\" data-link=\"http:\/\/biodiversite-amazonienne.org\/index.php\/es\/conservacion\/fzeq-2\/\" class=\"wp-image-1127\" srcset=\"https:\/\/biodiversite-amazonienne.org\/wp-content\/uploads\/2021\/06\/fzeq-300x197.png 300w, https:\/\/biodiversite-amazonienne.org\/wp-content\/uploads\/2021\/06\/fzeq-768x504.png 768w, https:\/\/biodiversite-amazonienne.org\/wp-content\/uploads\/2021\/06\/fzeq.png 906w\" sizes=\"(max-width: 300px) 100vw, 300px\" \/><\/figure><\/li><li class=\"blocks-gallery-item\"><figure><img loading=\"lazy\" width=\"300\" height=\"154\" src=\"http:\/\/biodiversite-amazonienne.org\/wp-content\/uploads\/2021\/06\/apm-300x154.png\" alt=\"\" data-id=\"1126\" data-full-url=\"http:\/\/biodiversite-amazonienne.org\/wp-content\/uploads\/2021\/06\/apm.png\" data-link=\"http:\/\/biodiversite-amazonienne.org\/index.php\/es\/conservacion\/apm-2\/\" class=\"wp-image-1126\" srcset=\"https:\/\/biodiversite-amazonienne.org\/wp-content\/uploads\/2021\/06\/apm-300x154.png 300w, https:\/\/biodiversite-amazonienne.org\/wp-content\/uploads\/2021\/06\/apm-1024x525.png 1024w, https:\/\/biodiversite-amazonienne.org\/wp-content\/uploads\/2021\/06\/apm-768x394.png 768w, https:\/\/biodiversite-amazonienne.org\/wp-content\/uploads\/2021\/06\/apm.png 1116w\" sizes=\"(max-width: 300px) 100vw, 300px\" \/><\/figure><\/li><li class=\"blocks-gallery-item\"><figure><img loading=\"lazy\" width=\"224\" height=\"300\" src=\"http:\/\/biodiversite-amazonienne.org\/wp-content\/uploads\/2021\/06\/0887_DSC07534-800x600-1-224x300.jpg\" alt=\"\" data-id=\"1125\" data-full-url=\"http:\/\/biodiversite-amazonienne.org\/wp-content\/uploads\/2021\/06\/0887_DSC07534-800x600-1.jpg\" data-link=\"http:\/\/biodiversite-amazonienne.org\/index.php\/es\/conservacion\/0887_dsc07534-800x600-1\/\" class=\"wp-image-1125\" srcset=\"https:\/\/biodiversite-amazonienne.org\/wp-content\/uploads\/2021\/06\/0887_DSC07534-800x600-1-224x300.jpg 224w, https:\/\/biodiversite-amazonienne.org\/wp-content\/uploads\/2021\/06\/0887_DSC07534-800x600-1.jpg 447w\" sizes=\"(max-width: 224px) 100vw, 224px\" \/><\/figure><\/li><li class=\"blocks-gallery-item\"><figure><img loading=\"lazy\" width=\"300\" height=\"200\" src=\"http:\/\/biodiversite-amazonienne.org\/wp-content\/uploads\/2021\/06\/0844_DSC07481-800x600-1-300x200.jpg\" alt=\"\" data-id=\"1124\" data-full-url=\"http:\/\/biodiversite-amazonienne.org\/wp-content\/uploads\/2021\/06\/0844_DSC07481-800x600-1.jpg\" data-link=\"http:\/\/biodiversite-amazonienne.org\/index.php\/es\/conservacion\/0844_dsc07481-800x600-1\/\" class=\"wp-image-1124\" srcset=\"https:\/\/biodiversite-amazonienne.org\/wp-content\/uploads\/2021\/06\/0844_DSC07481-800x600-1-300x200.jpg 300w, https:\/\/biodiversite-amazonienne.org\/wp-content\/uploads\/2021\/06\/0844_DSC07481-800x600-1-768x512.jpg 768w, https:\/\/biodiversite-amazonienne.org\/wp-content\/uploads\/2021\/06\/0844_DSC07481-800x600-1.jpg 800w\" sizes=\"(max-width: 300px) 100vw, 300px\" \/><\/figure><\/li><li class=\"blocks-gallery-item\"><figure><img loading=\"lazy\" width=\"300\" height=\"207\" src=\"http:\/\/biodiversite-amazonienne.org\/wp-content\/uploads\/2021\/06\/86po-300x207.png\" alt=\"\" data-id=\"1123\" data-full-url=\"http:\/\/biodiversite-amazonienne.org\/wp-content\/uploads\/2021\/06\/86po.png\" data-link=\"http:\/\/biodiversite-amazonienne.org\/index.php\/es\/conservacion\/86po-2\/\" class=\"wp-image-1123\" srcset=\"https:\/\/biodiversite-amazonienne.org\/wp-content\/uploads\/2021\/06\/86po-300x207.png 300w, https:\/\/biodiversite-amazonienne.org\/wp-content\/uploads\/2021\/06\/86po.png 659w\" sizes=\"(max-width: 300px) 100vw, 300px\" \/><\/figure><\/li><li class=\"blocks-gallery-item\"><figure><img loading=\"lazy\" width=\"300\" height=\"172\" src=\"http:\/\/biodiversite-amazonienne.org\/wp-content\/uploads\/2021\/06\/85pol-300x172.png\" alt=\"\" data-id=\"1122\" data-full-url=\"http:\/\/biodiversite-amazonienne.org\/wp-content\/uploads\/2021\/06\/85pol.png\" data-link=\"http:\/\/biodiversite-amazonienne.org\/index.php\/es\/conservacion\/85pol-2\/\" class=\"wp-image-1122\" srcset=\"https:\/\/biodiversite-amazonienne.org\/wp-content\/uploads\/2021\/06\/85pol-300x172.png 300w, https:\/\/biodiversite-amazonienne.org\/wp-content\/uploads\/2021\/06\/85pol-768x441.png 768w, https:\/\/biodiversite-amazonienne.org\/wp-content\/uploads\/2021\/06\/85pol.png 922w\" sizes=\"(max-width: 300px) 100vw, 300px\" \/><\/figure><\/li><\/ul><\/figure>\n","protected":false},"excerpt":{"rendered":"<p>La explotaci\u00f3n selectiva de especies madereras de alto valor, la pesca y la caza excesivas est\u00e1n provocando la desaparici\u00f3n de especies valiosas de los r\u00edos, lagos y bosques. Para evitarlo, Biodiversidad Amaz\u00f3nica ha creado un equipo local dedicado a salvaguardar las 40.000 hect\u00e1reas de la concesi\u00f3n. Cuatro guardias forestales vigilan y controlan la zona y &hellip; <\/p>\n<p class=\"link-more\"><a href=\"https:\/\/biodiversite-amazonienne.org\/index.php\/es\/conservacion-2\/\" class=\"more-link\">Continuer la lecture<span class=\"screen-reader-text\"> de &laquo;&nbsp;Conservaci\u00f3n&nbsp;&raquo;<\/span><\/a><\/p>\n","protected":false},"author":1,"featured_media":397,"parent":0,"menu_order":0,"comment_status":"closed","ping_status":"closed","template":"","meta":[],"_links":{"self":[{"href":"https:\/\/biodiversite-amazonienne.org\/index.php\/wp-json\/wp\/v2\/pages\/1150"}],"collection":[{"href":"https:\/\/biodiversite-amazonienne.org\/index.php\/wp-json\/wp\/v2\/pages"}],"about":[{"href":"https:\/\/biodiversite-amazonienne.org\/index.php\/wp-json\/wp\/v2\/types\/page"}],"author":[{"embeddable":true,"href":"https:\/\/biodiversite-amazonienne.org\/index.php\/wp-json\/wp\/v2\/users\/1"}],"replies":[{"embeddable":true,"href":"https:\/\/biodiversite-amazonienne.org\/index.php\/wp-json\/wp\/v2\/comments?post=1150"}],"version-history":[{"count":2,"href":"https:\/\/biodiversite-amazonienne.org\/index.php\/wp-json\/wp\/v2\/pages\/1150\/revisions"}],"predecessor-version":[{"id":1153,"href":"https:\/\/biodiversite-amazonienne.org\/index.php\/wp-json\/wp\/v2\/pages\/1150\/revisions\/1153"}],"wp:featuredmedia":[{"embeddable":true,"href":"https:\/\/biodiversite-amazonienne.org\/index.php\/wp-json\/wp\/v2\/media\/397"}],"wp:attachment":[{"href":"https:\/\/biodiversite-amazonienne.org\/index.php\/wp-json\/wp\/v2\/media?parent=1150"}],"curies":[{"name":"wp","href":"https:\/\/api.w.org\/{rel}","templated":true}]}}