{"id":1245,"date":"2021-06-30T14:23:25","date_gmt":"2021-06-30T12:23:25","guid":{"rendered":"http:\/\/biodiversite-amazonienne.org\/?page_id=1245"},"modified":"2021-06-30T14:23:26","modified_gmt":"2021-06-30T12:23:26","slug":"make-a-donation","status":"publish","type":"page","link":"https:\/\/biodiversite-amazonienne.org\/index.php\/en\/make-a-donation\/","title":{"rendered":"Make a donation"},"content":{"rendered":"<h1 style=\"text-align: center;\"><span style=\"color: #008000;\"><strong>I act today to help conserve the planet&rsquo;s biodiversity<\/strong><\/span><\/h1>\n<p>\u00a0<\/p>\n<p><iframe id=\"haWidget\" style=\"width: 350px; height: 450px; border: none;\" src=\"https:\/\/www.helloasso.com\/associations\/biodiversite-amazonienne\/collectes\/conservation-de-la-biodiversite-en-amazonie-1\/widget-vignette\"><\/iframe><\/p>\n<div style=\"width: 100%; text-align: center;\">Developed by <a href=\"https:\/\/www.helloasso.com\" rel=\"nofollow\">HelloAsso<\/a><\/div>\n<div>\u00a0<\/div>\n<div>\n<h2>\u00a0<\/h2>\n<h2><span style=\"color: #008000;\"><strong>Why support us?<\/strong><\/span><\/h2>\n<\/div>\n<div>\u00a0<\/div>\n<ul>\n<li>Because 17% of the Amazon rainforest has already disappeared<\/li>\n<li>13 million hectares of forest disappear every year.<\/li>\n<li>An estimated 27,000 animal and plant species disappear every year due to deforestation.<\/li>\n<li>Tropical deforestation is responsible for 20% of global greenhouse gas emissions.<\/li>\n<\/ul>\n<h5>To conserve is to reduce the loss of biodiversity and ecosystems that are fundamental to human survival<\/h5>\n<h5>To conserve is to contribute to the fight against climate change by avoiding greenhouse gas emissions<\/h5>\n<h5 style=\"text-align: center;\"><span style=\"color: #008000;\"><strong>\u00a0<\/strong><\/span><\/h5>\n<p align=\"JUSTIFY\">Become an actor of change and join our struggle. Because together we are stronger, your support is precious to us!<\/p>\n<h2><iframe id=\"haWidget\" style=\"width: 100%; height: 70px; border: none;\" src=\"https:\/\/www.helloasso.com\/associations\/biodiversite-amazonienne\/collectes\/conservation-de-la-biodiversite-en-amazonie-1\/widget-bouton\"><\/iframe><\/h2>\n\n\n<p><h1 style=\"text-align: center;\"><span style=\"color: #008000;\"><strong>J&rsquo;agis d\u00e8s aujourd&rsquo;hui pour aider \u00e0 conserver la diversit\u00e9 biologique de la plan\u00e8te<\/strong><\/span><\/h1>\n<p>\u00a0<\/p>\n<p><iframe id=\"haWidget\" style=\"width: 350px; height: 450px; border: none;\" src=\"https:\/\/www.helloasso.com\/associations\/biodiversite-amazonienne\/collectes\/conservation-de-la-biodiversite-en-amazonie-1\/widget-vignette\"><\/iframe><\/p>\n<div style=\"width: 100%; text-align: center;\">Propuls\u00e9 par <a href=\"https:\/\/www.helloasso.com\" rel=\"nofollow\">HelloAsso<\/a><\/div>\n<div>\u00a0<\/div>\n<div>\n<h2>\u00a0<\/h2>\n<h2><span style=\"color: #008000;\"><strong>Pourquoi nous soutenir ?<\/strong><\/span><\/h2>\n<\/div>\n<div>\u00a0<\/div>\n<ul>\n<li>Parce que<strong> 17% de la for\u00eat amazonienne a d\u00e9j\u00e0 disparu<\/strong><\/li>\n<li><strong>13 millions d&rsquo;hectares<\/strong> de for\u00eats disparaissent chaque ann\u00e9e<\/li>\n<li>On estime que<strong> 27 000 esp\u00e8ces animales et v\u00e9g\u00e9tales disparaissent<\/strong> chaque ann\u00e9e \u00e0 cause de la d\u00e9forestation<\/li>\n<li><span style=\"display: inline !important; float: none; background-color: transparent; color: #333333; cursor: text; font-family: 'Libre Franklin','Helvetica Neue',helvetica,arial,sans-serif; font-size: 16px; font-style: normal; font-variant: normal; font-weight: 400; letter-spacing: normal; orphans: 2; text-align: left; text-decoration: none; text-indent: 0px; text-transform: none; -webkit-text-stroke-width: 0px; white-space: normal; word-spacing: 0px;\">La d\u00e9forestation tropicale est responsable de <strong>20% des \u00e9missions mondiales de gaz \u00e0 effet de serre<\/strong><\/span><\/li>\n<\/ul>\n<h5>Conserver, c&rsquo;est r\u00e9duire la perte de la biodiversit\u00e9 et des \u00e9cosyst\u00e8mes fondamentaux pour la survie de l&rsquo;Homme<\/h5>\n<h5>Conserver, c&rsquo;est contribuer \u00e0 la lutte contre le changement climatique en \u00e9vitant les \u00e9missions de gaz \u00e0 effet de serre<\/h5>\n<p>\u00a0<\/p>\n<h5 style=\"text-align: center;\"><span style=\"color: #008000;\"><strong>La concession de conservation Yanayacu-Maquia est encore intacte, mais pour combien de temps ?<\/strong><\/span><\/h5>\n<h5 style=\"text-align: center;\"><span style=\"color: #008000;\"><strong>\u00a0<\/strong><\/span><\/h5>\n<p align=\"JUSTIFY\">Devenez acteur du changement et joignez-vous \u00e0 notre combat. Parce qu&rsquo;ensemble nous sommes plus fort, votre soutien nous est pr\u00e9cieux !<\/p>\n<h2><iframe id=\"haWidget\" style=\"width: 100%; height: 70px; border: none;\" src=\"https:\/\/www.helloasso.com\/associations\/biodiversite-amazonienne\/collectes\/conservation-de-la-biodiversite-en-amazonie-1\/widget-bouton\"><\/iframe><\/h2><\/p>\n","protected":false},"excerpt":{"rendered":"<p>I act today to help conserve the planet&rsquo;s biodiversity \u00a0 Developed by HelloAsso \u00a0 \u00a0 Why support us? \u00a0 Because 17% of the Amazon rainforest has already disappeared 13 million hectares of forest disappear every year. An estimated 27,000 animal and plant species disappear every year due to deforestation. Tropical deforestation is responsible for 20% &hellip; <\/p>\n<p class=\"link-more\"><a href=\"https:\/\/biodiversite-amazonienne.org\/index.php\/en\/make-a-donation\/\" class=\"more-link\">Continuer la lecture<span class=\"screen-reader-text\"> de &laquo;&nbsp;Make a donation&nbsp;&raquo;<\/span><\/a><\/p>\n","protected":false},"author":1,"featured_media":0,"parent":0,"menu_order":0,"comment_status":"closed","ping_status":"closed","template":"","meta":[],"_links":{"self":[{"href":"https:\/\/biodiversite-amazonienne.org\/index.php\/wp-json\/wp\/v2\/pages\/1245"}],"collection":[{"href":"https:\/\/biodiversite-amazonienne.org\/index.php\/wp-json\/wp\/v2\/pages"}],"about":[{"href":"https:\/\/biodiversite-amazonienne.org\/index.php\/wp-json\/wp\/v2\/types\/page"}],"author":[{"embeddable":true,"href":"https:\/\/biodiversite-amazonienne.org\/index.php\/wp-json\/wp\/v2\/users\/1"}],"replies":[{"embeddable":true,"href":"https:\/\/biodiversite-amazonienne.org\/index.php\/wp-json\/wp\/v2\/comments?post=1245"}],"version-history":[{"count":2,"href":"https:\/\/biodiversite-amazonienne.org\/index.php\/wp-json\/wp\/v2\/pages\/1245\/revisions"}],"predecessor-version":[{"id":1248,"href":"https:\/\/biodiversite-amazonienne.org\/index.php\/wp-json\/wp\/v2\/pages\/1245\/revisions\/1248"}],"wp:attachment":[{"href":"https:\/\/biodiversite-amazonienne.org\/index.php\/wp-json\/wp\/v2\/media?parent=1245"}],"curies":[{"name":"wp","href":"https:\/\/api.w.org\/{rel}","templated":true}]}}