{"id":1249,"date":"2021-06-30T14:31:45","date_gmt":"2021-06-30T12:31:45","guid":{"rendered":"http:\/\/biodiversite-amazonienne.org\/?page_id=1249"},"modified":"2023-07-06T19:41:31","modified_gmt":"2023-07-06T17:41:31","slug":"partners","status":"publish","type":"page","link":"https:\/\/biodiversite-amazonienne.org\/index.php\/en\/partners\/","title":{"rendered":"PARTNERS"},"content":{"rendered":"\n<figure class=\"wp-block-image size-large is-resized\"><img loading=\"lazy\" src=\"https:\/\/biodiversite-amazonienne.org\/wp-content\/uploads\/2023\/07\/download-2.png\" alt=\"\" class=\"wp-image-1678\" width=\"254\" height=\"80\" srcset=\"https:\/\/biodiversite-amazonienne.org\/wp-content\/uploads\/2023\/07\/download-2.png 398w, https:\/\/biodiversite-amazonienne.org\/wp-content\/uploads\/2023\/07\/download-2-300x95.png 300w\" sizes=\"(max-width: 254px) 100vw, 254px\" \/><\/figure>\n\n\n\n<p>The <a href=\"https:\/\/www.agencemicroprojets.org\/\" target=\"_blank\" rel=\"noreferrer noopener\"><strong>French Microprojects agency<\/strong><\/a> is a programme of the NGO la Guilde in partnership with the French Development Agency (AFD). Its objective is to incubate international solidarity initiatives through the promotion of French international solidarity associations and their local partners, as well as support for international development microprojects.<\/p>\n\n\n\n<hr class=\"wp-block-separator is-style-dots\"\/>\n\n\n\n<figure class=\"wp-block-image size-large is-resized\"><img loading=\"lazy\" src=\"https:\/\/biodiversite-amazonienne.org\/wp-content\/uploads\/2023\/07\/envol_vertArtboard-1svg-1.png\" alt=\"\" class=\"wp-image-1679\" width=\"103\" height=\"60\" srcset=\"https:\/\/biodiversite-amazonienne.org\/wp-content\/uploads\/2023\/07\/envol_vertArtboard-1svg-1.png 366w, https:\/\/biodiversite-amazonienne.org\/wp-content\/uploads\/2023\/07\/envol_vertArtboard-1svg-1-300x175.png 300w\" sizes=\"(max-width: 103px) 100vw, 103px\" \/><\/figure>\n\n\n\n<p><a href=\"https:\/\/envol-vert.org\/\" target=\"_blank\" rel=\"noreferrer noopener\"><strong>Envol vert<\/strong><\/a> is a French association for the protection of forests, biodiversity and rural development. It supports project leaders in the most disadvantaged countries and in France, while creating strong links with local populations to promote their conservation initiatives, participate in sustainable rural development and develop economic alternatives to deforestation. Since 2017, the Envol Vert association has been a key technical partner of the project led by Biodiversit\u00e9 Amazonienne.<\/p>\n\n\n\n<hr class=\"wp-block-separator is-style-dots\"\/>\n\n\n\n<figure class=\"wp-block-image size-large is-resized\"><img loading=\"lazy\" src=\"https:\/\/biodiversite-amazonienne.org\/wp-content\/uploads\/2023\/07\/images-1-1.png\" alt=\"\" class=\"wp-image-1684\" width=\"155\" height=\"93\"\/><\/figure>\n\n\n\n<p><a href=\"https:\/\/fondationfranklinia.org\/arbres-menaces-amazonie-peruvienne\/\" target=\"_blank\" rel=\"noreferrer noopener\"><strong>The Franklinia Foundation<\/strong><\/a> supports projects to preserve threatened tree species around the world, prevent their extinction and improve their conservation status. For this reason, it supports the Yanaycu-Maquia Conservation Concession.<\/p>\n\n\n\n<hr class=\"wp-block-separator is-style-dots\"\/>\n\n\n\n<figure class=\"wp-block-image size-large is-resized\"><img loading=\"lazy\" src=\"https:\/\/biodiversite-amazonienne.org\/wp-content\/uploads\/2023\/07\/download-3.png\" alt=\"\" class=\"wp-image-1686\" width=\"109\" height=\"110\" srcset=\"https:\/\/biodiversite-amazonienne.org\/wp-content\/uploads\/2023\/07\/download-3.png 223w, https:\/\/biodiversite-amazonienne.org\/wp-content\/uploads\/2023\/07\/download-3-150x150.png 150w, https:\/\/biodiversite-amazonienne.org\/wp-content\/uploads\/2023\/07\/download-3-100x100.png 100w\" sizes=\"(max-width: 109px) 100vw, 109px\" \/><\/figure>\n\n\n\n<p>The <a href=\"https:\/\/www.paris.fr\/\" target=\"_blank\" rel=\"noreferrer noopener\"><strong>city of Paris<\/strong><\/a> supports Amazon Biodiversity through the Label SOLIDEV. This aims to support Parisian associations carrying out international solidarity actions on the themes of development as set out by the United Nations in the Sustainable Development Goals.<\/p>\n\n\n\n<hr class=\"wp-block-separator is-style-dots\"\/>\n\n\n\n<figure class=\"wp-block-image size-large is-resized\"><img loading=\"lazy\" src=\"https:\/\/biodiversite-amazonienne.org\/wp-content\/uploads\/2023\/07\/LOGO_PR_1_RVB-1024x249.png\" alt=\"\" class=\"wp-image-1687\" width=\"211\" height=\"51\" srcset=\"https:\/\/biodiversite-amazonienne.org\/wp-content\/uploads\/2023\/07\/LOGO_PR_1_RVB-1024x249.png 1024w, https:\/\/biodiversite-amazonienne.org\/wp-content\/uploads\/2023\/07\/LOGO_PR_1_RVB-300x73.png 300w, https:\/\/biodiversite-amazonienne.org\/wp-content\/uploads\/2023\/07\/LOGO_PR_1_RVB-768x187.png 768w, https:\/\/biodiversite-amazonienne.org\/wp-content\/uploads\/2023\/07\/LOGO_PR_1_RVB-1536x374.png 1536w, https:\/\/biodiversite-amazonienne.org\/wp-content\/uploads\/2023\/07\/LOGO_PR_1_RVB-2048x498.png 2048w\" sizes=\"(max-width: 211px) 100vw, 211px\" \/><\/figure>\n\n\n\n<p><a href=\"https:\/\/plantandbreath.com\/\" target=\"_blank\" rel=\"noreferrer noopener\"><strong>Plantez Respirez<\/strong><\/a>\u00a0offers companies to install plant islands in their offices to improve air quality and raise awareness of the diversity of origins of indoor plants and their importance for biodiversity. They also monitor and maintain them. Since October 2019, Plantez Respirez is committed to supporting the preservation of 2 hectares of primary Amazonian forests for each plant island installed, as part of the Yanayacu-Maquia project.<\/p>\n\n\n\n<hr class=\"wp-block-separator is-style-dots\"\/>\n\n\n\n<figure class=\"wp-block-image size-large is-resized\"><img loading=\"lazy\" src=\"https:\/\/biodiversite-amazonienne.org\/wp-content\/uploads\/2023\/07\/alpaga-logo-1572520373.jpg\" alt=\"\" class=\"wp-image-1688\" width=\"124\" height=\"111\"\/><\/figure>\n\n\n\n<p><strong><a rel=\"noreferrer noopener\" href=\"https:\/\/alpagalemonde.com\/\" target=\"_blank\">Alpaga Le Monde<\/a><\/strong>\u00a0is a Franco-Peruvian company, based in Nantes, which offers clothing and home accessories made from alpaca wool. It has built ethical partnerships in Peru, taking into account both the protection of the environment and the social conditions of breeders, workers and craftsmen. ALM has supported Envol Vert since 2020.<\/p>\n\n\n\n<hr class=\"wp-block-separator is-style-dots\"\/>\n\n\n\n<figure class=\"wp-block-image size-large is-resized\"><img loading=\"lazy\" src=\"https:\/\/biodiversite-amazonienne.org\/wp-content\/uploads\/2023\/07\/download-4.png\" alt=\"\" class=\"wp-image-1689\" width=\"213\" height=\"78\"\/><\/figure>\n\n\n\n<p>As part of its international action, the <a href=\"https:\/\/www.laregion.fr\/\" target=\"_blank\" rel=\"noreferrer noopener\"><strong>Occitanie Pyr\u00e9n\u00e9es-M\u00e9diterran\u00e9e Region<\/strong><\/a> supports solidarity initiatives led by local associations in partnership with local associations in the countries concerned.<\/p>\n\n\n\n<hr class=\"wp-block-separator is-style-dots\"\/>\n\n\n\n<figure class=\"wp-block-image size-large is-resized\"><img loading=\"lazy\" src=\"https:\/\/biodiversite-amazonienne.org\/wp-content\/uploads\/2023\/07\/download-5.png\" alt=\"\" class=\"wp-image-1690\" width=\"141\" height=\"80\"\/><\/figure>\n\n\n\n<p>In 2018, we signed a five-year contract with the <strong><a href=\"https:\/\/cadillo.lab.asu.edu\/\" target=\"_blank\" rel=\"noreferrer noopener\">Microbial Ecology and Evolution Laboratory at Arizona State University<\/a><\/strong> in the US to conduct scientific studies on the role of large ecosystems in determining and reducing atmospheric CH4 and CO2 levels and its importance in the context of current global climate change.<\/p>\n\n\n\n<hr class=\"wp-block-separator is-style-dots\"\/>\n\n\n\n<figure class=\"wp-block-image size-large is-resized\"><img loading=\"lazy\" src=\"https:\/\/biodiversite-amazonienne.org\/wp-content\/uploads\/2023\/07\/download-1.jpg\" alt=\"\" class=\"wp-image-1691\" width=\"169\" height=\"84\" srcset=\"https:\/\/biodiversite-amazonienne.org\/wp-content\/uploads\/2023\/07\/download-1.jpg 319w, https:\/\/biodiversite-amazonienne.org\/wp-content\/uploads\/2023\/07\/download-1-300x149.jpg 300w\" sizes=\"(max-width: 169px) 100vw, 169px\" \/><\/figure>\n\n\n\n<p>The <strong><a rel=\"noreferrer noopener\" href=\"http:\/\/web.archive.org\/web\/20201205122158\/http:\/\/www.unapiquitos.edu.pe\/\" target=\"_blank\">National University of the Peruvian Amazon<\/a><\/strong> in Iquitos, Peru has been collaborating with Amazon Biodiversity since 2014 to carry out scientific studies in the largest peatland covering the Yanayacu-Maquia conservation concession.<\/p>\n\n\n\n<hr class=\"wp-block-separator is-style-dots\"\/>\n\n\n\n<figure class=\"wp-block-image size-large\"><img loading=\"lazy\" width=\"275\" height=\"50\" src=\"https:\/\/biodiversite-amazonienne.org\/wp-content\/uploads\/2023\/07\/logo-1.jpg\" alt=\"\" class=\"wp-image-1670\"\/><\/figure>\n\n\n\n<p>In 2012, <a rel=\"noreferrer noopener\" href=\"https:\/\/www.gualaclosures.com\/\" target=\"_blank\"><strong>Guala Closures Group<\/strong><\/a> offset the CO2 emissions generated by the production of 500 million wine screwcaps through a reforestation project in Peru, in the Yanayacu-Maqu\u00eea reserve.<\/p>\n\n\n\n<hr class=\"wp-block-separator is-style-dots\"\/>\n\n\n\n<figure class=\"wp-block-image size-large is-resized\"><img loading=\"lazy\" src=\"https:\/\/biodiversite-amazonienne.org\/wp-content\/uploads\/2023\/07\/NOUVEAU-logo-Up2green-pour-fonds-fonces-2-1024x337.png\" alt=\"\" class=\"wp-image-1672\" width=\"195\" height=\"64\" srcset=\"https:\/\/biodiversite-amazonienne.org\/wp-content\/uploads\/2023\/07\/NOUVEAU-logo-Up2green-pour-fonds-fonces-2-1024x337.png 1024w, https:\/\/biodiversite-amazonienne.org\/wp-content\/uploads\/2023\/07\/NOUVEAU-logo-Up2green-pour-fonds-fonces-2-300x99.png 300w, https:\/\/biodiversite-amazonienne.org\/wp-content\/uploads\/2023\/07\/NOUVEAU-logo-Up2green-pour-fonds-fonces-2-768x253.png 768w, https:\/\/biodiversite-amazonienne.org\/wp-content\/uploads\/2023\/07\/NOUVEAU-logo-Up2green-pour-fonds-fonces-2-1536x505.png 1536w, https:\/\/biodiversite-amazonienne.org\/wp-content\/uploads\/2023\/07\/NOUVEAU-logo-Up2green-pour-fonds-fonces-2-2048x673.png 2048w\" sizes=\"(max-width: 195px) 100vw, 195px\" \/><\/figure>\n\n\n\n<p><a rel=\"noreferrer noopener\" href=\"https:\/\/up2green.com\/\" target=\"_blank\"><strong>Up2green<\/strong><\/a> is a French public interest NGO founded in 2009. We respond to the environmental and socio-economic challenges posed by climate change by acting on the ground. We work with local populations to implement reforestation and agroforestry programs, and to protect ecosystems and water resources. We partnered with Biodiversit\u00e9 Amazonienne to plant 30,000 trees in 2012.<\/p>\n\n\n\n<hr class=\"wp-block-separator is-style-dots\"\/>\n\n\n\n<figure class=\"wp-block-image size-large\"><img loading=\"lazy\" width=\"224\" height=\"120\" src=\"https:\/\/biodiversite-amazonienne.org\/wp-content\/uploads\/2023\/07\/Capture-de\u0301cran-2023-07-06-a\u0300-11.10.51-1.png\" alt=\"\" class=\"wp-image-1674\"\/><\/figure>\n\n\n\n<p><a rel=\"noreferrer noopener\" href=\"https:\/\/www.ecocert.com\/es-PE\/home\" target=\"_blank\"><strong>Ecocert<\/strong><\/a> is an international inspection body, created in 1991, which acts as a certifier and uses its name as a certification mark, particularly for organic agriculture. Ecocert has supervised the planting of 30,000 trees in the Yanayacu-Maqu\u00eea concession.<\/p>\n\n\n\n<hr class=\"wp-block-separator is-style-dots\"\/>\n\n\n\n<figure class=\"wp-block-image size-large is-resized\"><img loading=\"lazy\" src=\"https:\/\/biodiversite-amazonienne.org\/wp-content\/uploads\/2023\/07\/download-1-1.png\" alt=\"\" class=\"wp-image-1675\" width=\"106\" height=\"106\" srcset=\"https:\/\/biodiversite-amazonienne.org\/wp-content\/uploads\/2023\/07\/download-1-1.png 225w, https:\/\/biodiversite-amazonienne.org\/wp-content\/uploads\/2023\/07\/download-1-1-150x150.png 150w, https:\/\/biodiversite-amazonienne.org\/wp-content\/uploads\/2023\/07\/download-1-1-100x100.png 100w\" sizes=\"(max-width: 106px) 100vw, 106px\" \/><\/figure>\n\n\n\n<p><a rel=\"noreferrer noopener\" href=\"https:\/\/www.gob.pe\/iiap\" target=\"_blank\"><strong>IIAP<\/strong><\/a> generates and provides scientific and technological knowledge on the biological and socio-cultural diversity of the Amazon, for the benefit of its population and decision makers. IIAP and Biodiversit\u00e9 Amazonienne have signed a contract to work together.<\/p>\n\n\n\n<hr class=\"wp-block-separator is-style-dots\"\/>\n","protected":false},"excerpt":{"rendered":"<p>The French Microprojects agency is a programme of the NGO la Guilde in partnership with the French Development Agency (AFD). Its objective is to incubate international solidarity initiatives through the promotion of French international solidarity associations and their local partners, as well as support for international development microprojects. Envol vert is a French association for &hellip; <\/p>\n<p class=\"link-more\"><a href=\"https:\/\/biodiversite-amazonienne.org\/index.php\/en\/partners\/\" class=\"more-link\">Continuer la lecture<span class=\"screen-reader-text\"> de &laquo;&nbsp;PARTNERS&nbsp;&raquo;<\/span><\/a><\/p>\n","protected":false},"author":1,"featured_media":0,"parent":0,"menu_order":0,"comment_status":"closed","ping_status":"closed","template":"","meta":[],"_links":{"self":[{"href":"https:\/\/biodiversite-amazonienne.org\/index.php\/wp-json\/wp\/v2\/pages\/1249"}],"collection":[{"href":"https:\/\/biodiversite-amazonienne.org\/index.php\/wp-json\/wp\/v2\/pages"}],"about":[{"href":"https:\/\/biodiversite-amazonienne.org\/index.php\/wp-json\/wp\/v2\/types\/page"}],"author":[{"embeddable":true,"href":"https:\/\/biodiversite-amazonienne.org\/index.php\/wp-json\/wp\/v2\/users\/1"}],"replies":[{"embeddable":true,"href":"https:\/\/biodiversite-amazonienne.org\/index.php\/wp-json\/wp\/v2\/comments?post=1249"}],"version-history":[{"count":6,"href":"https:\/\/biodiversite-amazonienne.org\/index.php\/wp-json\/wp\/v2\/pages\/1249\/revisions"}],"predecessor-version":[{"id":1698,"href":"https:\/\/biodiversite-amazonienne.org\/index.php\/wp-json\/wp\/v2\/pages\/1249\/revisions\/1698"}],"wp:attachment":[{"href":"https:\/\/biodiversite-amazonienne.org\/index.php\/wp-json\/wp\/v2\/media?parent=1249"}],"curies":[{"name":"wp","href":"https:\/\/api.w.org\/{rel}","templated":true}]}}