{"id":1333,"date":"2021-07-05T10:44:49","date_gmt":"2021-07-05T08:44:49","guid":{"rendered":"http:\/\/biodiversite-amazonienne.org\/?page_id=1333"},"modified":"2023-07-06T19:42:30","modified_gmt":"2023-07-06T17:42:30","slug":"socios","status":"publish","type":"page","link":"https:\/\/biodiversite-amazonienne.org\/index.php\/es\/socios\/","title":{"rendered":"Socios"},"content":{"rendered":"\n<figure class=\"wp-block-image size-large is-resized\"><img loading=\"lazy\" src=\"https:\/\/biodiversite-amazonienne.org\/wp-content\/uploads\/2023\/07\/download-2.png\" alt=\"\" class=\"wp-image-1678\" width=\"254\" height=\"80\" srcset=\"https:\/\/biodiversite-amazonienne.org\/wp-content\/uploads\/2023\/07\/download-2.png 398w, https:\/\/biodiversite-amazonienne.org\/wp-content\/uploads\/2023\/07\/download-2-300x95.png 300w\" sizes=\"(max-width: 254px) 100vw, 254px\" \/><\/figure>\n\n\n\n<p>El <strong><a href=\"https:\/\/www.agencemicroprojets.org\/\" target=\"_blank\" rel=\"noreferrer noopener\">p\u00f4le Microprojets<\/a><\/strong> es un programa dirigido por la ONG la Guilde en colaboraci\u00f3n con la Agencia Francesa de Desarrollo (AFD). Su objetivo es incubar iniciativas de solidaridad internacional mediante la promoci\u00f3n de asociaciones francesas de solidaridad internacional y sus socios locales, as\u00ed como el apoyo a microproyectos de desarrollo internacional.<\/p>\n\n\n\n<hr class=\"wp-block-separator is-style-dots\"\/>\n\n\n\n<figure class=\"wp-block-image size-large is-resized\"><img loading=\"lazy\" src=\"https:\/\/biodiversite-amazonienne.org\/wp-content\/uploads\/2023\/07\/envol_vertArtboard-1svg-1.png\" alt=\"\" class=\"wp-image-1679\" width=\"103\" height=\"60\" srcset=\"https:\/\/biodiversite-amazonienne.org\/wp-content\/uploads\/2023\/07\/envol_vertArtboard-1svg-1.png 366w, https:\/\/biodiversite-amazonienne.org\/wp-content\/uploads\/2023\/07\/envol_vertArtboard-1svg-1-300x175.png 300w\" sizes=\"(max-width: 103px) 100vw, 103px\" \/><\/figure>\n\n\n\n<p><strong><a href=\"https:\/\/envol-vert.org\/\" target=\"_blank\" rel=\"noreferrer noopener\">Envol vert<\/a><\/strong> es una asociaci\u00f3n francesa para la protecci\u00f3n del bosque, la biodiversidad y el desarrollo rural. Apoya a los responsables de proyectos en los pa\u00edses m\u00e1s desfavorecidos y en Francia, al tiempo que crea fuertes v\u00ednculos con las poblaciones locales para promover sus iniciativas de preservaci\u00f3n, participar en el desarrollo rural sostenible y desarrollar alternativas econ\u00f3micas a la deforestaci\u00f3n. Desde 2017, la asociaci\u00f3n Envol Vert es un socio t\u00e9cnico clave del proyecto liderado por Biodiversit\u00e9 Amazonienne.<\/p>\n\n\n\n<hr class=\"wp-block-separator is-style-dots\"\/>\n\n\n\n<figure class=\"wp-block-image size-large is-resized\"><img loading=\"lazy\" src=\"https:\/\/biodiversite-amazonienne.org\/wp-content\/uploads\/2023\/07\/images-1-1.png\" alt=\"\" class=\"wp-image-1684\" width=\"155\" height=\"93\"\/><\/figure>\n\n\n\n<p><a href=\"https:\/\/fondationfranklinia.org\/arbres-menaces-amazonie-peruvienne\/\" target=\"_blank\" rel=\"noreferrer noopener\"><strong>La Fundaci\u00f3n Franklinia<\/strong><\/a>\u00a0apoya proyectos que preservan especies arb\u00f3reas amenazadas en todo el mundo, evitan su extinci\u00f3n y mejoran su estado de conservaci\u00f3n. Por ello, apoya la Concesi\u00f3n de Conservaci\u00f3n Yanaycu-Maquia.<\/p>\n\n\n\n<hr class=\"wp-block-separator is-style-dots\"\/>\n\n\n\n<figure class=\"wp-block-image size-large is-resized\"><img loading=\"lazy\" src=\"https:\/\/biodiversite-amazonienne.org\/wp-content\/uploads\/2023\/07\/download-3.png\" alt=\"\" class=\"wp-image-1686\" width=\"109\" height=\"110\" srcset=\"https:\/\/biodiversite-amazonienne.org\/wp-content\/uploads\/2023\/07\/download-3.png 223w, https:\/\/biodiversite-amazonienne.org\/wp-content\/uploads\/2023\/07\/download-3-150x150.png 150w, https:\/\/biodiversite-amazonienne.org\/wp-content\/uploads\/2023\/07\/download-3-100x100.png 100w\" sizes=\"(max-width: 109px) 100vw, 109px\" \/><\/figure>\n\n\n\n<p>La <a href=\"https:\/\/www.paris.fr\/\" target=\"_blank\" rel=\"noreferrer noopener\"><strong>ciudad de Par\u00eds<\/strong><\/a> apoya la biodiversidad amaz\u00f3nica a trav\u00e9s de la etiqueta SOLIDEV. Este sello pretende apoyar a las asociaciones parisinas que llevan a cabo acciones de solidaridad internacional en torno a los temas de desarrollo recogidos por las Naciones Unidas en los Objetivos de Desarrollo Sostenible.<\/p>\n\n\n\n<hr class=\"wp-block-separator is-style-dots\"\/>\n\n\n\n<figure class=\"wp-block-image size-large is-resized\"><img loading=\"lazy\" src=\"https:\/\/biodiversite-amazonienne.org\/wp-content\/uploads\/2023\/07\/LOGO_PR_1_RVB-1024x249.png\" alt=\"\" class=\"wp-image-1687\" width=\"211\" height=\"51\" srcset=\"https:\/\/biodiversite-amazonienne.org\/wp-content\/uploads\/2023\/07\/LOGO_PR_1_RVB-1024x249.png 1024w, https:\/\/biodiversite-amazonienne.org\/wp-content\/uploads\/2023\/07\/LOGO_PR_1_RVB-300x73.png 300w, https:\/\/biodiversite-amazonienne.org\/wp-content\/uploads\/2023\/07\/LOGO_PR_1_RVB-768x187.png 768w, https:\/\/biodiversite-amazonienne.org\/wp-content\/uploads\/2023\/07\/LOGO_PR_1_RVB-1536x374.png 1536w, https:\/\/biodiversite-amazonienne.org\/wp-content\/uploads\/2023\/07\/LOGO_PR_1_RVB-2048x498.png 2048w\" sizes=\"(max-width: 211px) 100vw, 211px\" \/><\/figure>\n\n\n\n<p><a href=\"https:\/\/plantandbreath.com\/\" target=\"_blank\" rel=\"noreferrer noopener\"><strong>Plantez Respirez<\/strong><\/a>\u00a0ofrece a las empresas la instalaci\u00f3n de islas vegetales en sus oficinas para mejorar la calidad del aire y concienciar sobre la diversidad de or\u00edgenes de las plantas de interior y su importancia para la biodiversidad. Tambi\u00e9n se encargan de la supervisi\u00f3n y el mantenimiento. Desde octubre de 2019 Plantez Respirez se compromete a apoyar la preservaci\u00f3n de 2 hect\u00e1reas de bosques primarios amaz\u00f3nicos por cada isla vegetal instalada, como parte del proyecto Yanayacu-Maquia.<\/p>\n\n\n\n<hr class=\"wp-block-separator is-style-dots\"\/>\n\n\n\n<figure class=\"wp-block-image size-large is-resized\"><img loading=\"lazy\" src=\"https:\/\/biodiversite-amazonienne.org\/wp-content\/uploads\/2023\/07\/alpaga-logo-1572520373.jpg\" alt=\"\" class=\"wp-image-1688\" width=\"124\" height=\"111\"\/><\/figure>\n\n\n\n<p><strong><a rel=\"noreferrer noopener\" href=\"https:\/\/alpagalemonde.com\/\" target=\"_blank\">Alpaga Le Monde<\/a><\/strong>\u00a0es una empresa franco-peruana, con sede en Nantes, que ofrece ropa y accesorios para el hogar fabricados con lana de alpaca. Ha creado asociaciones \u00e9ticas en Per\u00fa, teniendo en cuenta tanto la protecci\u00f3n del medio ambiente como las condiciones sociales de los criadores, trabajadores y artesanos. ALM apoya a Envol Vert desde 2020.<\/p>\n\n\n\n<hr class=\"wp-block-separator is-style-dots\"\/>\n\n\n\n<figure class=\"wp-block-image size-large is-resized\"><img loading=\"lazy\" src=\"https:\/\/biodiversite-amazonienne.org\/wp-content\/uploads\/2023\/07\/download-4.png\" alt=\"\" class=\"wp-image-1689\" width=\"213\" height=\"78\"\/><\/figure>\n\n\n\n<p>En el marco de su acci\u00f3n internacional,\u00a0<a href=\"https:\/\/www.laregion.fr\/\" target=\"_blank\" rel=\"noreferrer noopener\"><strong>la Regi\u00f3n Occitanie Pyr\u00e9n\u00e9es-M\u00e9diterran\u00e9e<\/strong><\/a>\u00a0apoya las iniciativas de solidaridad dirigidas por asociaciones locales en colaboraci\u00f3n con las asociaciones locales de los pa\u00edses afectados.<\/p>\n\n\n\n<hr class=\"wp-block-separator is-style-dots\"\/>\n\n\n\n<figure class=\"wp-block-image size-large is-resized\"><img loading=\"lazy\" src=\"https:\/\/biodiversite-amazonienne.org\/wp-content\/uploads\/2023\/07\/download-5.png\" alt=\"\" class=\"wp-image-1690\" width=\"141\" height=\"80\"\/><\/figure>\n\n\n\n<p>En 2018, firmamos un contrato de cinco a\u00f1os con el <a href=\"https:\/\/cadillo.lab.asu.edu\/\" target=\"_blank\" rel=\"noreferrer noopener\"><strong>Laboratorio de Ecolog\u00eda y Evoluci\u00f3n Microbiana de la Universidad Estatal de Arizona<\/strong><\/a>, en Estados Unidos, para realizar estudios cient\u00edficos sobre el papel de los grandes ecosistemas en la determinaci\u00f3n y reducci\u00f3n de los niveles atmosf\u00e9ricos de CH4 y CO2 y su importancia en el contexto del actual cambio clim\u00e1tico global.<\/p>\n\n\n\n<hr class=\"wp-block-separator is-style-dots\"\/>\n\n\n\n<figure class=\"wp-block-image size-large is-resized\"><img loading=\"lazy\" src=\"https:\/\/biodiversite-amazonienne.org\/wp-content\/uploads\/2023\/07\/download-1.jpg\" alt=\"\" class=\"wp-image-1691\" width=\"169\" height=\"84\" srcset=\"https:\/\/biodiversite-amazonienne.org\/wp-content\/uploads\/2023\/07\/download-1.jpg 319w, https:\/\/biodiversite-amazonienne.org\/wp-content\/uploads\/2023\/07\/download-1-300x149.jpg 300w\" sizes=\"(max-width: 169px) 100vw, 169px\" \/><\/figure>\n\n\n\n<p><a href=\"http:\/\/web.archive.org\/web\/20201205122158\/http:\/\/www.unapiquitos.edu.pe\/\" target=\"_blank\" rel=\"noreferrer noopener\"><strong>La Universidad Nacional de la Amazon\u00eda Peruana<\/strong><\/a> en Iquitos, Per\u00fa, colabora con Biodiversidad Amaz\u00f3nica desde 2014 para realizar estudios cient\u00edficos en la mayor turbera que cubre la concesi\u00f3n de conservaci\u00f3n Yanayacu-Maquia.<\/p>\n\n\n\n<hr class=\"wp-block-separator is-style-dots\"\/>\n\n\n\n<figure class=\"wp-block-image size-large\"><img loading=\"lazy\" width=\"275\" height=\"50\" src=\"https:\/\/biodiversite-amazonienne.org\/wp-content\/uploads\/2023\/07\/logo-1.jpg\" alt=\"\" class=\"wp-image-1670\"\/><\/figure>\n\n\n\n<p>En 2012, <a href=\"https:\/\/www.gualaclosures.com\/\" target=\"_blank\" rel=\"noreferrer noopener\"><strong>Guala Closures Group<\/strong><\/a> compens\u00f3 las emisiones de CO<sub>2<\/sub>\u00a0generadas por la producci\u00f3n de 500 millones de tapones de rosca de vino a trav\u00e9s del proyecto de reforestaci\u00f3n en Per\u00fa, en la reserva Yanayacu-Maqu\u00eea.<\/p>\n\n\n\n<hr class=\"wp-block-separator is-style-dots\"\/>\n\n\n\n<figure class=\"wp-block-image size-large is-resized\"><img loading=\"lazy\" src=\"https:\/\/biodiversite-amazonienne.org\/wp-content\/uploads\/2023\/07\/NOUVEAU-logo-Up2green-pour-fonds-fonces-2-1024x337.png\" alt=\"\" class=\"wp-image-1672\" width=\"195\" height=\"64\" srcset=\"https:\/\/biodiversite-amazonienne.org\/wp-content\/uploads\/2023\/07\/NOUVEAU-logo-Up2green-pour-fonds-fonces-2-1024x337.png 1024w, https:\/\/biodiversite-amazonienne.org\/wp-content\/uploads\/2023\/07\/NOUVEAU-logo-Up2green-pour-fonds-fonces-2-300x99.png 300w, https:\/\/biodiversite-amazonienne.org\/wp-content\/uploads\/2023\/07\/NOUVEAU-logo-Up2green-pour-fonds-fonces-2-768x253.png 768w, https:\/\/biodiversite-amazonienne.org\/wp-content\/uploads\/2023\/07\/NOUVEAU-logo-Up2green-pour-fonds-fonces-2-1536x505.png 1536w, https:\/\/biodiversite-amazonienne.org\/wp-content\/uploads\/2023\/07\/NOUVEAU-logo-Up2green-pour-fonds-fonces-2-2048x673.png 2048w\" sizes=\"(max-width: 195px) 100vw, 195px\" \/><\/figure>\n\n\n\n<p><a rel=\"noreferrer noopener\" href=\"https:\/\/up2green.com\/\" target=\"_blank\"><strong>Up2green<\/strong><\/a> es una ONG francesa de inter\u00e9s p\u00fablico fundada en 2009. Respondemos a los retos medioambientales y socioecon\u00f3micos que plantea el cambio clim\u00e1tico actuando sobre el terreno. Trabajamos con las poblaciones locales para poner en marcha programas de reforestaci\u00f3n y agrosilvicultura, y para proteger los ecosistemas y los recursos h\u00eddricos. Nos asociamos con Biodiversit\u00e9 Amazonienne para plantar 30.000 \u00e1rboles en 2012.<\/p>\n\n\n\n<hr class=\"wp-block-separator is-style-dots\"\/>\n\n\n\n<figure class=\"wp-block-image size-large\"><img loading=\"lazy\" width=\"224\" height=\"120\" src=\"https:\/\/biodiversite-amazonienne.org\/wp-content\/uploads\/2023\/07\/Capture-de\u0301cran-2023-07-06-a\u0300-11.10.51-1.png\" alt=\"\" class=\"wp-image-1674\"\/><\/figure>\n\n\n\n<p><a href=\"https:\/\/www.ecocert.com\/es-PE\/home\" target=\"_blank\" rel=\"noreferrer noopener\"><strong>Ecocert<\/strong><\/a> es un organismo internacional de control, creado en 1991, que act\u00faa como certificador y utiliza su nombre como marca de certificaci\u00f3n, en particular para la agricultura ecol\u00f3gica. Ecocert ha supervisado la plantaci\u00f3n de 30.000 \u00e1rboles en la concesi\u00f3n de Yanayacu-Maqu\u00eea.<\/p>\n\n\n\n<hr class=\"wp-block-separator is-style-dots\"\/>\n\n\n\n<figure class=\"wp-block-image size-large is-resized\"><img loading=\"lazy\" src=\"https:\/\/biodiversite-amazonienne.org\/wp-content\/uploads\/2023\/07\/download-1-1.png\" alt=\"\" class=\"wp-image-1675\" width=\"106\" height=\"106\" srcset=\"https:\/\/biodiversite-amazonienne.org\/wp-content\/uploads\/2023\/07\/download-1-1.png 225w, https:\/\/biodiversite-amazonienne.org\/wp-content\/uploads\/2023\/07\/download-1-1-150x150.png 150w, https:\/\/biodiversite-amazonienne.org\/wp-content\/uploads\/2023\/07\/download-1-1-100x100.png 100w\" sizes=\"(max-width: 106px) 100vw, 106px\" \/><\/figure>\n\n\n\n<p>El <a href=\"https:\/\/www.gob.pe\/iiap\" target=\"_blank\" rel=\"noreferrer noopener\"><strong>IIAP<\/strong><\/a> genera y provee conocimiento cient\u00edfico y tecnol\u00f3gico sobre la diversidad biol\u00f3gica y sociocultural de la Amazon\u00eda, en beneficio de su poblaci\u00f3n y decisores. El IIAP y Biodiversit\u00e9 Amazonienne han firmado un contrato para trabajar juntos.<\/p>\n\n\n\n<hr class=\"wp-block-separator is-style-dots\"\/>\n","protected":false},"excerpt":{"rendered":"<p>El p\u00f4le Microprojets es un programa dirigido por la ONG la Guilde en colaboraci\u00f3n con la Agencia Francesa de Desarrollo (AFD). Su objetivo es incubar iniciativas de solidaridad internacional mediante la promoci\u00f3n de asociaciones francesas de solidaridad internacional y sus socios locales, as\u00ed como el apoyo a microproyectos de desarrollo internacional. Envol vert es una &hellip; <\/p>\n<p class=\"link-more\"><a href=\"https:\/\/biodiversite-amazonienne.org\/index.php\/es\/socios\/\" class=\"more-link\">Continuer la lecture<span class=\"screen-reader-text\"> de &laquo;&nbsp;Socios&nbsp;&raquo;<\/span><\/a><\/p>\n","protected":false},"author":1,"featured_media":0,"parent":0,"menu_order":0,"comment_status":"closed","ping_status":"closed","template":"","meta":[],"_links":{"self":[{"href":"https:\/\/biodiversite-amazonienne.org\/index.php\/wp-json\/wp\/v2\/pages\/1333"}],"collection":[{"href":"https:\/\/biodiversite-amazonienne.org\/index.php\/wp-json\/wp\/v2\/pages"}],"about":[{"href":"https:\/\/biodiversite-amazonienne.org\/index.php\/wp-json\/wp\/v2\/types\/page"}],"author":[{"embeddable":true,"href":"https:\/\/biodiversite-amazonienne.org\/index.php\/wp-json\/wp\/v2\/users\/1"}],"replies":[{"embeddable":true,"href":"https:\/\/biodiversite-amazonienne.org\/index.php\/wp-json\/wp\/v2\/comments?post=1333"}],"version-history":[{"count":6,"href":"https:\/\/biodiversite-amazonienne.org\/index.php\/wp-json\/wp\/v2\/pages\/1333\/revisions"}],"predecessor-version":[{"id":1699,"href":"https:\/\/biodiversite-amazonienne.org\/index.php\/wp-json\/wp\/v2\/pages\/1333\/revisions\/1699"}],"wp:attachment":[{"href":"https:\/\/biodiversite-amazonienne.org\/index.php\/wp-json\/wp\/v2\/media?parent=1333"}],"curies":[{"name":"wp","href":"https:\/\/api.w.org\/{rel}","templated":true}]}}