{"id":1342,"date":"2021-07-05T10:55:31","date_gmt":"2021-07-05T08:55:31","guid":{"rendered":"http:\/\/biodiversite-amazonienne.org\/?page_id=1342"},"modified":"2023-06-06T18:04:55","modified_gmt":"2023-06-06T16:04:55","slug":"quienes-somos","status":"publish","type":"page","link":"https:\/\/biodiversite-amazonienne.org\/index.php\/es\/quienes-somos\/","title":{"rendered":"\u00bfQui\u00e9nes somos?"},"content":{"rendered":"<p align=\"JUSTIFY\">Biodiversit\u00e9 Amazonienne es una asociaci\u00f3n francesa amparada por la ley de 1901 y creada en 2004 por Lotty Morey, presidenta de la asociaci\u00f3n. En 2006, el gobierno peruano le otorg\u00f3 la concesi\u00f3n de conservaci\u00f3n Yanayacu-Maquia por un per\u00edodo renovable de 40 a\u00f1os. El objetivo de la asociaci\u00f3n es actuar contra la deforestaci\u00f3n y por la preservaci\u00f3n de la concesi\u00f3n de conservaci\u00f3n Yanayacu-Maquia, un territorio de 38.699 hect\u00e1reas de selva tropical, situado entre los r\u00edos Yanayacu y Maquia en el departamento de Loreto, en la Amazonia central peruana.<\/p>\n<p align=\"JUSTIFY\"><a href=\"https:\/\/explorer.land\/p\/project\/ccyanayacumaquia\/\">Descubra el mapa interactivo de la concesi\u00f3n<\/a><\/p>\n<p style=\"text-align: center;\" align=\"JUSTIFY\"><strong><span style=\"font-family: Calibri, sans-serif;\">Mapa de la regi\u00f3n de Loreto en Per\u00fa (el punto rojo localiza la concesi\u00f3n de conservaci\u00f3n Yanayacu-Maquia)\n<img loading=\"lazy\" class=\"alignnone  wp-image-1324\" src=\"http:\/\/biodiversite-amazonienne.org\/wp-content\/uploads\/2021\/07\/Carte-concession-213x300.png\" alt=\"\" width=\"221\" height=\"311\" srcset=\"https:\/\/biodiversite-amazonienne.org\/wp-content\/uploads\/2021\/07\/Carte-concession-213x300.png 213w, https:\/\/biodiversite-amazonienne.org\/wp-content\/uploads\/2021\/07\/Carte-concession.png 216w\" sizes=\"(max-width: 221px) 100vw, 221px\" \/>\n<\/span><\/strong><\/p>\n<p style=\"text-align: center;\" align=\"JUSTIFY\"><strong>Mapa de la Concesi\u00f3n de Conservaci\u00f3n Yanayacu-Maquia<\/strong><\/p>\n<p align=\"JUSTIFY\"><img loading=\"lazy\" class=\"alignright size-full wp-image-591\" src=\"http:\/\/biodiversite-amazonienne.org\/wp-content\/uploads\/2018\/07\/Mapa-caracterizaci\u00f4n-de-7-tipos-de-bosques-courte.jpeg\" alt=\"\" width=\"978\" height=\"1071\" srcset=\"https:\/\/biodiversite-amazonienne.org\/wp-content\/uploads\/2018\/07\/Mapa-caracterizaci\u00f4n-de-7-tipos-de-bosques-courte.jpeg 978w, https:\/\/biodiversite-amazonienne.org\/wp-content\/uploads\/2018\/07\/Mapa-caracterizaci\u00f4n-de-7-tipos-de-bosques-courte-274x300.jpeg 274w, https:\/\/biodiversite-amazonienne.org\/wp-content\/uploads\/2018\/07\/Mapa-caracterizaci\u00f4n-de-7-tipos-de-bosques-courte-768x841.jpeg 768w, https:\/\/biodiversite-amazonienne.org\/wp-content\/uploads\/2018\/07\/Mapa-caracterizaci\u00f4n-de-7-tipos-de-bosques-courte-935x1024.jpeg 935w\" sizes=\"(max-width: 767px) 89vw, (max-width: 1000px) 54vw, (max-width: 1071px) 543px, 580px\" \/><\/p>\nToda el territorio forma un ecosistema muy rico en biodiversidad. Varias especies emblem\u00e1ticas o raras est\u00e1n representadas all\u00ed: delfines rosados y grises, nutrias gigantes, lamentinos, caimanes negros, 17 variedades de monos y otras especies end\u00e9micas y amenazadas.\n\nDesde su creaci\u00f3n hace 17 a\u00f1os, la concesi\u00f3n de conservaci\u00f3n Yanayacu-Maquia ha sido fundamental para :\n<ul>\n \t<li>Luchar contra el cambio clim\u00e1tico: la concesi\u00f3n comprende 23.150 hect\u00e1reas de Aguajal (<em>Mauritia Flexuosa<\/em>), y cada hect\u00e1rea captura unas 640 toneladas de carbono.<\/li>\n \t<li>Proteger la biodiversidad: se han identificado 7 tipos de selva tropical y est\u00e1n presentes numerosas especies de la <a style=\"font-size: inherit; font-family: -apple-system, BlinkMacSystemFont, 'Segoe UI', Roboto, Oxygen-Sans, Ubuntu, Cantarell, 'Helvetica Neue', sans-serif;\" href=\"https:\/\/www.iucnredlist.org\/\">lista roja de la UICN<\/a><span style=\"font-size: inherit; font-family: -apple-system, BlinkMacSystemFont, 'Segoe UI', Roboto, Oxygen-Sans, Ubuntu, Cantarell, 'Helvetica Neue', sans-serif;\">: delf\u00edn rosado (<\/span><em style=\"font-size: inherit; font-family: -apple-system, BlinkMacSystemFont, 'Segoe UI', Roboto, Oxygen-Sans, Ubuntu, Cantarell, 'Helvetica Neue', sans-serif;\">Inia geoffrensis<\/em><span style=\"font-size: inherit; font-family: -apple-system, BlinkMacSystemFont, 'Segoe UI', Roboto, Oxygen-Sans, Ubuntu, Cantarell, 'Helvetica Neue', sans-serif;\">), nutria gigante (<\/span><em style=\"font-size: inherit; font-family: -apple-system, BlinkMacSystemFont, 'Segoe UI', Roboto, Oxygen-Sans, Ubuntu, Cantarell, 'Helvetica Neue', sans-serif;\">Pterona brasiliensis<\/em><span style=\"font-size: inherit; font-family: -apple-system, BlinkMacSystemFont, 'Segoe UI', Roboto, Oxygen-Sans, Ubuntu, Cantarell, 'Helvetica Neue', sans-serif;\">), mata-mata (<\/span><em style=\"font-size: inherit; font-family: -apple-system, BlinkMacSystemFont, 'Segoe UI', Roboto, Oxygen-Sans, Ubuntu, Cantarell, 'Helvetica Neue', sans-serif;\">Chelus fimbriatus<\/em><span style=\"font-size: inherit; font-family: -apple-system, BlinkMacSystemFont, 'Segoe UI', Roboto, Oxygen-Sans, Ubuntu, Cantarell, 'Helvetica Neue', sans-serif;\">), etc.<\/span><\/li>\n \t<li>Desarrollar la gesti\u00f3n sostenible de los recursos naturales para y por las comunidades (agroforester\u00eda, pesca, apicultura, etc.).<\/li>\n<\/ul>\n<iframe loading=\"lazy\" title=\"Reserva Yanayacu Maquia\" width=\"525\" height=\"295\" src=\"https:\/\/www.youtube.com\/embed\/A_03fv9g5Ds?feature=oembed\" frameborder=\"0\" allow=\"accelerometer; autoplay; clipboard-write; encrypted-media; gyroscope; picture-in-picture; web-share\" allowfullscreen><\/iframe>\n\n<!-- \/wp:embed -->\n\n<!-- wp:embed {\"providerNameSlug\":\"wordpress\"} \/-->","protected":false},"excerpt":{"rendered":"<p>Biodiversit\u00e9 Amazonienne es una asociaci\u00f3n francesa amparada por la ley de 1901 y creada en 2004 por Lotty Morey, presidenta de la asociaci\u00f3n. En 2006, el gobierno peruano le otorg\u00f3 la concesi\u00f3n de conservaci\u00f3n Yanayacu-Maquia por un per\u00edodo renovable de 40 a\u00f1os. El objetivo de la asociaci\u00f3n es actuar contra la deforestaci\u00f3n y por la &hellip; <\/p>\n<p class=\"link-more\"><a href=\"https:\/\/biodiversite-amazonienne.org\/index.php\/es\/quienes-somos\/\" class=\"more-link\">Continuer la lecture<span class=\"screen-reader-text\"> de &laquo;&nbsp;\u00bfQui\u00e9nes somos?&nbsp;&raquo;<\/span><\/a><\/p>\n","protected":false},"author":1,"featured_media":617,"parent":0,"menu_order":0,"comment_status":"closed","ping_status":"closed","template":"","meta":[],"_links":{"self":[{"href":"https:\/\/biodiversite-amazonienne.org\/index.php\/wp-json\/wp\/v2\/pages\/1342"}],"collection":[{"href":"https:\/\/biodiversite-amazonienne.org\/index.php\/wp-json\/wp\/v2\/pages"}],"about":[{"href":"https:\/\/biodiversite-amazonienne.org\/index.php\/wp-json\/wp\/v2\/types\/page"}],"author":[{"embeddable":true,"href":"https:\/\/biodiversite-amazonienne.org\/index.php\/wp-json\/wp\/v2\/users\/1"}],"replies":[{"embeddable":true,"href":"https:\/\/biodiversite-amazonienne.org\/index.php\/wp-json\/wp\/v2\/comments?post=1342"}],"version-history":[{"count":3,"href":"https:\/\/biodiversite-amazonienne.org\/index.php\/wp-json\/wp\/v2\/pages\/1342\/revisions"}],"predecessor-version":[{"id":1653,"href":"https:\/\/biodiversite-amazonienne.org\/index.php\/wp-json\/wp\/v2\/pages\/1342\/revisions\/1653"}],"wp:featuredmedia":[{"embeddable":true,"href":"https:\/\/biodiversite-amazonienne.org\/index.php\/wp-json\/wp\/v2\/media\/617"}],"wp:attachment":[{"href":"https:\/\/biodiversite-amazonienne.org\/index.php\/wp-json\/wp\/v2\/media?parent=1342"}],"curies":[{"name":"wp","href":"https:\/\/api.w.org\/{rel}","templated":true}]}}