{"id":1357,"date":"2021-07-19T10:58:50","date_gmt":"2021-07-19T08:58:50","guid":{"rendered":"http:\/\/biodiversite-amazonienne.org\/?page_id=1357"},"modified":"2021-07-19T11:04:31","modified_gmt":"2021-07-19T09:04:31","slug":"la-tourbiere","status":"publish","type":"page","link":"https:\/\/biodiversite-amazonienne.org\/index.php\/la-tourbiere\/","title":{"rendered":"La tourbi\u00e8re"},"content":{"rendered":"\n<p><strong><span style=\"text-decoration: underline;\">La tourbi\u00e8re, un \u00e9cosyst\u00e8me cl\u00e9 de la Concession de Conservation Yanayacu-Maquia<\/span><\/strong><\/p>\n\n\n\n<p>La \u00ab&nbsp;tourbi\u00e8re&nbsp;\u00bb&nbsp;? Ce mot vous dit s\u00fbrement quelque chose\u2026 On vous en dit plus.<\/p>\n\n\n\n<p><u>La tourbi\u00e8re Maquia, un \u00e9cosyst\u00e8me sp\u00e9cifique<\/u><\/p>\n\n\n\n<div class=\"wp-block-image\"><figure class=\"alignright size-large is-resized\"><img loading=\"lazy\" src=\"http:\/\/biodiversite-amazonienne.org\/wp-content\/uploads\/2021\/06\/image-1.png\" alt=\"\" class=\"wp-image-1234\" width=\"407\" height=\"281\" srcset=\"https:\/\/biodiversite-amazonienne.org\/wp-content\/uploads\/2021\/06\/image-1.png 393w, https:\/\/biodiversite-amazonienne.org\/wp-content\/uploads\/2021\/06\/image-1-300x208.png 300w\" sizes=\"(max-width: 407px) 100vw, 407px\" \/><figcaption>Photo de la tourbi\u00e8re Maquia de la Concession de conservation Yanayacu-Maquia au P\u00e9rou (Source&nbsp;: Biodiversit\u00e9 Amazonienne, 2017.)<\/figcaption><\/figure><\/div>\n\n\n\n<p>La Concession de conservation Yanayacu-Maquia, avec une surface totale de 38.699 ha repr\u00e9sente environ 4 fois la taille de Paris en pleine Amazonie p\u00e9ruvienne. Au sein de la concession, 7 \u00e9cosyst\u00e8mes forestiers sont repr\u00e9sent\u00e9s, dont un particulier, la tourbi\u00e8re. La surface de la tourbi\u00e8re de la Concession Yanayacu-Maquia est estim\u00e9e \u00e0 <strong>7000 ha<\/strong>, soit 15% de la superficie totale de la Concession. D\u2019apr\u00e8s les communaut\u00e9s rurales vivant dans la zone, plus de 50 esp\u00e8ces v\u00e9g\u00e9tales provenant de cet \u00e9cosyst\u00e8me sont utilis\u00e9es pour la construction, l\u2019alimentation, la m\u00e9decine, et l&rsquo;\u00e9conomie formelle. C\u2019est \u00e9galement un refuge pour la biodiversit\u00e9. En effet, outre les nombreuses esp\u00e8ces de poissons, d\u2019amphibiens, et de reptiles, la tourbi\u00e8re Maquia est compos\u00e9e d\u2019aguajes <em>(Mauritia fluexosa)<\/em>, une esp\u00e8ce d\u2019arbre sp\u00e9cifique de cet \u00e9cosyst\u00e8me en Amazonie.&nbsp; Ces arbres produisent des fruits abondants et tr\u00e8s nutritifs qui attirent une faune diversifi\u00e9e et dense comprenant des singes, des tapirs, des p\u00e9caris, des agoutis, des aras, etc.<\/p>\n\n\n\n<p><u>Mais au fait, une tourbi\u00e8re, qu\u2019est-ce que c\u2019est exactement&nbsp;?<\/u><\/p>\n\n\n\n<p>Une tourbi\u00e8re est un \u00e9cosyst\u00e8me qui se caract\u00e9rise, en premier lieu, par un sol satur\u00e9 en permanence d\u2019une eau stagnante ou tr\u00e8s peu mobile.&nbsp; Cela prive les micro-organismes (bact\u00e9ries et champignons) responsables de la d\u00e9composition et du recyclage de la mati\u00e8re organique de l\u2019oxyg\u00e8ne n\u00e9cessaire \u00e0 leur m\u00e9tabolisme. Dans ces conditions asphyxiantes (ana\u00e9robiose), la liti\u00e8re v\u00e9g\u00e9tale ne se min\u00e9ralise que tr\u00e8s lentement et tr\u00e8s partiellement. Elle s\u2019accumule alors, progressivement, formant un d\u00e9p\u00f4t de mati\u00e8re organique mal ou non d\u00e9compos\u00e9e&nbsp;: la tourbe.\u200b<\/p>\n\n\n\n<p>V\u00e9ritable roche v\u00e9g\u00e9tale fossile, la tourbe est donc un sol organique issu de la d\u00e9gradation incompl\u00e8te de d\u00e9bris v\u00e9g\u00e9taux dans un milieu satur\u00e9 en eau. Elle contient au moins 20&nbsp;% de carbone (30&nbsp;% dans le cas de tourbes riches en argiles) et peut s\u2019accumuler sur plusieurs m\u00e8tres d\u2019\u00e9paisseur, au rythme moyen de 0,2 \u00e0 1 mm par an.<\/p>\n\n\n\n<p><u>Et quel est le r\u00f4le des tourbi\u00e8res pour l\u2019environnement&nbsp;?<\/u><\/p>\n\n\n\n<p>Les tourbi\u00e8res jouent <strong>3 grands r\u00f4les pour l\u2019environnement<\/strong>&nbsp;:<\/p>\n\n\n\n<ul><li>Pour l\u2019<strong>eau<\/strong>&nbsp;: agissant comme un filtre pour les min\u00e9raux et absorbant les surplus d\u2019eau pr\u00e9venant les inondations<\/li><li>Pour la <strong>vie<\/strong>&nbsp;: comme habitat sp\u00e9cifique pour de nombreuses esp\u00e8ces<\/li><li>Pour les <strong>gaz \u00e0 effet de serre<\/strong>&nbsp;: comme <strong>\u00ab&nbsp;puits de carbone&nbsp;\u00bb<\/strong> <\/li><\/ul>\n\n\n\n<p><strong><u>Pourquoi les tourbi\u00e8res sont-elles si importantes \u00e0 pr\u00e9server ?<\/u><\/strong><\/p>\n\n\n\n<p>Il est estim\u00e9 que les tourbi\u00e8res contiennent \u00e0 elles seules, environ le tiers de tout le carbone contenu dans le sol de la plan\u00e8te\u2026 <strong>Et les tourbi\u00e8res \u00ab&nbsp;tropicales&nbsp;\u00bb stockent deux fois plus de carbone que toutes les for\u00eats du monde<\/strong>.<\/p>\n\n\n\n<p>Une tourbi\u00e8re fonctionnelle est donc un \u00e9cosyst\u00e8me qui a&nbsp;:<\/p>\n\n\n\n<ul><li>La capacit\u00e9 d&rsquo;accumuler du carbone, ce qui att\u00e9nue les effets du changement climatique<strong><\/strong><\/li><li>De r\u00e9guler les flux d&rsquo;eau, ce qui permet d\u2019att\u00e9nuer les inondations en saisons des pluies<strong><\/strong><\/li><li>De supporter une grande vari\u00e9t\u00e9 d&rsquo;habitats et d&rsquo;esp\u00e8ces, source de biodiversit\u00e9 <strong><\/strong><\/li><li>D\u2019accumuler depuis des mill\u00e9naires la mati\u00e8re organique dans les couches de son sol, et donc de nous raconter le pass\u00e9.<strong><\/strong><\/li><\/ul>\n\n\n\n<figure class=\"wp-block-table\"><table class=\"has-subtle-pale-blue-background-color has-background\"><tbody><tr><td><u>Quelles seraient les cons\u00e9quences de sa d\u00e9gradation ?<\/u><br>Par cons\u00e9quent, la d\u00e9gradation de la tourbi\u00e8re Maquia affecterait ses 3 grands r\u00f4les pour l\u2019environnement. Pour l\u2019eau, pour la vie, et pour le carbone. En effet si la tourbi\u00e8re Maquia \u00e9tait fortement d\u00e9grad\u00e9e, son r\u00f4le de r\u00e9gulation des flux hydriques affecterait fortement les populations de la zone par une augmentation des inondations en saison des pluies. D\u2019autre part cela entra\u00eenerait la perte de sa biodiversit\u00e9 sp\u00e9cifique. Enfin, la d\u00e9gradation de la tourbi\u00e8re, coupl\u00e9e aux effets du changement climatique, entra\u00eenerait un rel\u00e2chement imm\u00e9diat d\u2019une partie de son stock de CO2 dans l\u2019atmosph\u00e8re. Chose qui actuellement semble \u00eatre une pr\u00e9occupation d\u2019ordre internationale.<\/td><\/tr><\/tbody><\/table><\/figure>\n\n\n\n<div class=\"wp-block-image\"><figure class=\"alignleft size-large is-resized\"><img loading=\"lazy\" src=\"http:\/\/biodiversite-amazonienne.org\/wp-content\/uploads\/2021\/06\/Logo-BA-transparent-1024x724.png\" alt=\"\" class=\"wp-image-1049\" width=\"142\" height=\"99\" srcset=\"https:\/\/biodiversite-amazonienne.org\/wp-content\/uploads\/2021\/06\/Logo-BA-transparent-1024x724.png 1024w, https:\/\/biodiversite-amazonienne.org\/wp-content\/uploads\/2021\/06\/Logo-BA-transparent-300x212.png 300w, https:\/\/biodiversite-amazonienne.org\/wp-content\/uploads\/2021\/06\/Logo-BA-transparent-768x543.png 768w, https:\/\/biodiversite-amazonienne.org\/wp-content\/uploads\/2021\/06\/Logo-BA-transparent-1536x1086.png 1536w, https:\/\/biodiversite-amazonienne.org\/wp-content\/uploads\/2021\/06\/Logo-BA-transparent-2048x1448.png 2048w\" sizes=\"(max-width: 142px) 100vw, 142px\" \/><\/figure><\/div>\n\n\n\n<p>L\u2019association Biodiversit\u00e9 Amazonienne porte donc une attention particuli\u00e8re \u00e0 la conservation de la tourbi\u00e8re Maquia gr\u00e2ce aux activit\u00e9s de surveillance de ses \u00e9co-gardes locaux et \u00e0 la recherche scientifique appliqu\u00e9e dans la zone de Maquia. Depuis 2011, des \u00e9tudes scientifiques sont men\u00e9es dans cette zone de la Concession. La tourbi\u00e8re Maquia a fait l\u2019objet de nombreuses \u00e9tudes de terrain pour les recherches de la th\u00e8se la docteure Outi Lahteenoja, doctorante de l\u2019Universit\u00e9 de Turku en Finlande.<\/p>\n\n\n\n<div class=\"wp-block-image\"><figure class=\"alignleft size-large is-resized\"><img loading=\"lazy\" src=\"http:\/\/biodiversite-amazonienne.org\/wp-content\/uploads\/2021\/04\/Logo-Cadillo-Lab-e1618503545629.png\" alt=\"\" class=\"wp-image-875\" width=\"140\" height=\"54\"\/><\/figure><\/div>\n\n\n\n<p>Depuis 2015, l\u2019Universit\u00e9 d\u2019Arizona, bas\u00e9e aux Etats-Unis travaille \u00e9galement sur la tourbi\u00e8re Maquia. Son \u00e9quipe de scientifiques men\u00e9e par Hinsby Cadillo, s\u2019int\u00e9resse particuli\u00e8rement \u00e0 la dynamique des flux de carbone dans le sol et la v\u00e9g\u00e9tation de la tourbi\u00e8re. En juin 2019, une base foresti\u00e8re a \u00e9t\u00e9 construite par les \u00e9co-gardes et les communaut\u00e9s locales \u00e0 proximit\u00e9 de la tourbi\u00e8re pour accueillir les \u00e9quipes de scientifiques lors des \u00e9tudes de terrain. Une \u00e9tude sp\u00e9cifique est pr\u00e9vue en fin juillet 2019 par l\u2019\u00e9quipe de l\u2019Universit\u00e9 d\u2019Arizona appuy\u00e9e par nos partenaires p\u00e9ruviens de L\u2019Universit\u00e9 Nationale d\u2019Amazonie P\u00e9ruvienne. Les r\u00e9sultats sont \u00e0 suivre\u2026<\/p>\n\n\n\n<p>Alors, vous en savez d\u00e9sormais un peu plus sur les tourbi\u00e8res\u00a0?<\/p>\n\n\n\n<p>Etes-vous convaincus de l\u2019importance de leur importance pour l\u2019environnement?<\/p>\n\n\n\n<p><strong>Si vous souhaitez en savoir plus sur cet \u00e9cosyst\u00e8me et ses sp\u00e9cificit\u00e9s, nous vous invitons \u00e0 regarder ces deux courtes vid\u00e9os\u00a0:<\/strong><\/p>\n\n\n\n<ul id=\"block-c2a645a1-6eeb-4c1e-870a-38e775711899\"><li><strong><a href=\"https:\/\/forestsnews.cifor.org\/23049\/un-projet-vise-a-reveler-les-mysteres-des-tourbieres-du-perou?fnl=fr\">Le projet du CIFOR<\/a><\/strong><\/li><li><strong><a href=\"https:\/\/www.youtube.com\/watch?v=xqLztE7EeH4\">Les tourbi\u00e8res du bassin du Congo<\/a><\/strong><\/li><\/ul>\n","protected":false},"excerpt":{"rendered":"<p>La tourbi\u00e8re, un \u00e9cosyst\u00e8me cl\u00e9 de la Concession de Conservation Yanayacu-Maquia La \u00ab&nbsp;tourbi\u00e8re&nbsp;\u00bb&nbsp;? Ce mot vous dit s\u00fbrement quelque chose\u2026 On vous en dit plus. La tourbi\u00e8re Maquia, un \u00e9cosyst\u00e8me sp\u00e9cifique La Concession de conservation Yanayacu-Maquia, avec une surface totale de 38.699 ha repr\u00e9sente environ 4 fois la taille de Paris en pleine Amazonie p\u00e9ruvienne. &hellip; <\/p>\n<p class=\"link-more\"><a href=\"https:\/\/biodiversite-amazonienne.org\/index.php\/la-tourbiere\/\" class=\"more-link\">Continuer la lecture<span class=\"screen-reader-text\"> de &laquo;&nbsp;La tourbi\u00e8re&nbsp;&raquo;<\/span><\/a><\/p>\n","protected":false},"author":1,"featured_media":0,"parent":0,"menu_order":0,"comment_status":"closed","ping_status":"closed","template":"","meta":[],"_links":{"self":[{"href":"https:\/\/biodiversite-amazonienne.org\/index.php\/wp-json\/wp\/v2\/pages\/1357"}],"collection":[{"href":"https:\/\/biodiversite-amazonienne.org\/index.php\/wp-json\/wp\/v2\/pages"}],"about":[{"href":"https:\/\/biodiversite-amazonienne.org\/index.php\/wp-json\/wp\/v2\/types\/page"}],"author":[{"embeddable":true,"href":"https:\/\/biodiversite-amazonienne.org\/index.php\/wp-json\/wp\/v2\/users\/1"}],"replies":[{"embeddable":true,"href":"https:\/\/biodiversite-amazonienne.org\/index.php\/wp-json\/wp\/v2\/comments?post=1357"}],"version-history":[{"count":4,"href":"https:\/\/biodiversite-amazonienne.org\/index.php\/wp-json\/wp\/v2\/pages\/1357\/revisions"}],"predecessor-version":[{"id":1363,"href":"https:\/\/biodiversite-amazonienne.org\/index.php\/wp-json\/wp\/v2\/pages\/1357\/revisions\/1363"}],"wp:attachment":[{"href":"https:\/\/biodiversite-amazonienne.org\/index.php\/wp-json\/wp\/v2\/media?parent=1357"}],"curies":[{"name":"wp","href":"https:\/\/api.w.org\/{rel}","templated":true}]}}