{"id":1923,"date":"2026-05-14T18:51:26","date_gmt":"2026-05-14T16:51:26","guid":{"rendered":"https:\/\/biodiversite-amazonienne.org\/?page_id=1923"},"modified":"2026-05-15T00:00:55","modified_gmt":"2026-05-14T22:00:55","slug":"cartes-interactives","status":"publish","type":"page","link":"https:\/\/biodiversite-amazonienne.org\/index.php\/cartes-interactives\/","title":{"rendered":"CCYM : Cartes interactives"},"content":{"rendered":"\n<p class=\"has-text-align-center\"><em><span class=\"has-inline-color has-vivid-green-cyan-color\">Visite la CCYM : Zoomez, d\u00e9placez et cliquez<\/span><\/em><\/p>\n\n\n\n<p><strong>0 &#8211; CCYM : Localisation et p\u00e9rim\u00e8tre<\/strong><\/p>\n\n\n\n<iframe loading=\"lazy\" src=\"https:\/\/www.biodiversite-amazonienne.org\/wp-content\/CCYMLocalisation\/index.html\" width=\"900\" height=\"500\"><\/iframe>\n\n\n\n<p><\/p>\n\n\n\n<p><strong> 1 &#8211; Carte des donn\u00e9es hydrologiques<\/strong> <strong>: Rios, lagos et quebradas de la CCYM<\/strong><\/p>\n\n\n\n<iframe loading=\"lazy\" src=\"https:\/\/www.biodiversite-amazonienne.org\/wp-content\/CCYMRios12\/index.html\" width=\"900\" height=\"500\"><\/iframe>\n\n\n\n<p><strong>2- CCYM : Communaut\u00e9s, gu\u00e9rites et images de sites<\/strong><\/p>\n\n\n\n<iframe loading=\"lazy\" src=\"https:\/\/www.biodiversite-amazonienne.org\/wp-content\/CCYMGaritas\/index.html\" width=\"900\" height=\"500\"><\/iframe>\n\n\n\n<p> <\/p>\n\n\n\n<figure class=\"wp-block-gallery columns-0 is-cropped\"><ul class=\"blocks-gallery-grid\"><\/ul><\/figure>\n","protected":false},"excerpt":{"rendered":"<p>Visite la CCYM : Zoomez, d\u00e9placez et cliquez 0 &#8211; CCYM : Localisation et p\u00e9rim\u00e8tre 1 &#8211; Carte des donn\u00e9es hydrologiques : Rios, lagos et quebradas de la CCYM 2- CCYM : Communaut\u00e9s, gu\u00e9rites et images de sites<\/p>\n","protected":false},"author":1,"featured_media":0,"parent":0,"menu_order":0,"comment_status":"closed","ping_status":"closed","template":"","meta":[],"_links":{"self":[{"href":"https:\/\/biodiversite-amazonienne.org\/index.php\/wp-json\/wp\/v2\/pages\/1923"}],"collection":[{"href":"https:\/\/biodiversite-amazonienne.org\/index.php\/wp-json\/wp\/v2\/pages"}],"about":[{"href":"https:\/\/biodiversite-amazonienne.org\/index.php\/wp-json\/wp\/v2\/types\/page"}],"author":[{"embeddable":true,"href":"https:\/\/biodiversite-amazonienne.org\/index.php\/wp-json\/wp\/v2\/users\/1"}],"replies":[{"embeddable":true,"href":"https:\/\/biodiversite-amazonienne.org\/index.php\/wp-json\/wp\/v2\/comments?post=1923"}],"version-history":[{"count":21,"href":"https:\/\/biodiversite-amazonienne.org\/index.php\/wp-json\/wp\/v2\/pages\/1923\/revisions"}],"predecessor-version":[{"id":1958,"href":"https:\/\/biodiversite-amazonienne.org\/index.php\/wp-json\/wp\/v2\/pages\/1923\/revisions\/1958"}],"wp:attachment":[{"href":"https:\/\/biodiversite-amazonienne.org\/index.php\/wp-json\/wp\/v2\/media?parent=1923"}],"curies":[{"name":"wp","href":"https:\/\/api.w.org\/{rel}","templated":true}]}}