{"id":212,"date":"2018-06-04T22:01:01","date_gmt":"2018-06-04T20:01:01","guid":{"rendered":"http:\/\/biodiversite-amazonienne.org\/?page_id=212"},"modified":"2023-06-06T15:39:04","modified_gmt":"2023-06-06T13:39:04","slug":"qui-sommes-nous","status":"publish","type":"page","link":"https:\/\/biodiversite-amazonienne.org\/index.php\/qui-sommes-nous\/","title":{"rendered":"Qui sommes-nous ?"},"content":{"rendered":"<p align=\"JUSTIFY\"><span style=\"font-family: Calibri, sans-serif;\">Biodiversit\u00e9 Amazonienne est une association fran\u00e7aise de loi 1901 cr\u00e9\u00e9e en 2004 par Lotty Morey, pr\u00e9sidente de l&rsquo;association. En 2006, elle se voit octroyer par le gouvernement p\u00e9ruvien la concession de conservation Yanayacu-Maquia pour une p\u00e9riode de 40 ans renouvelables. L&rsquo;objectif de l&rsquo;association est d&rsquo;ag<\/span><span style=\"font-family: Calibri, sans-serif;\">ir contre la d\u00e9forestation et pour la pr\u00e9servation de la concession de conservation Yanayacu-Maquia, un territoire de 38 699 hectares de for\u00eat tropicale humide, situ\u00e9e entre les rivi\u00e8res Yanayacu et Maquia dans le d\u00e9partement du Loreto au centre de l&rsquo;Amazonie p\u00e9ruvienne.<\/span><\/p>\n<p align=\"JUSTIFY\"><a href=\"https:\/\/explorer.land\/p\/project\/ccyanayacumaquia\/\">D\u00e9couvrez la carte interactive de la concession<\/a><\/p>\n<p style=\"text-align: center;\" align=\"JUSTIFY\"><strong><span style=\"font-family: Calibri, sans-serif;\">Carte de la r\u00e9gion du Loreto au P\u00e9rou (le point rouge situe la concession de conservation Yanayacu-Maquia)\n<img loading=\"lazy\" class=\"alignnone  wp-image-1324\" src=\"http:\/\/biodiversite-amazonienne.org\/wp-content\/uploads\/2021\/07\/Carte-concession-213x300.png\" alt=\"\" width=\"221\" height=\"311\" srcset=\"https:\/\/biodiversite-amazonienne.org\/wp-content\/uploads\/2021\/07\/Carte-concession-213x300.png 213w, https:\/\/biodiversite-amazonienne.org\/wp-content\/uploads\/2021\/07\/Carte-concession.png 216w\" sizes=\"(max-width: 221px) 100vw, 221px\" \/>\n<\/span><\/strong><\/p>\n<p style=\"text-align: center;\" align=\"JUSTIFY\"><strong>Carte de la concession de conservation Yanayacu-Maquia<\/strong><\/p>\n<p align=\"JUSTIFY\"><img loading=\"lazy\" class=\"alignright size-full wp-image-591\" src=\"http:\/\/biodiversite-amazonienne.org\/wp-content\/uploads\/2018\/07\/Mapa-caracterizaci\u00f4n-de-7-tipos-de-bosques-courte.jpeg\" alt=\"\" width=\"978\" height=\"1071\" srcset=\"https:\/\/biodiversite-amazonienne.org\/wp-content\/uploads\/2018\/07\/Mapa-caracterizaci\u00f4n-de-7-tipos-de-bosques-courte.jpeg 978w, https:\/\/biodiversite-amazonienne.org\/wp-content\/uploads\/2018\/07\/Mapa-caracterizaci\u00f4n-de-7-tipos-de-bosques-courte-274x300.jpeg 274w, https:\/\/biodiversite-amazonienne.org\/wp-content\/uploads\/2018\/07\/Mapa-caracterizaci\u00f4n-de-7-tipos-de-bosques-courte-768x841.jpeg 768w, https:\/\/biodiversite-amazonienne.org\/wp-content\/uploads\/2018\/07\/Mapa-caracterizaci\u00f4n-de-7-tipos-de-bosques-courte-935x1024.jpeg 935w\" sizes=\"(max-width: 767px) 89vw, (max-width: 1000px) 54vw, (max-width: 1071px) 543px, 580px\" \/><\/p>\n<p align=\"JUSTIFY\"><span style=\"font-family: Calibri, sans-serif;\">L&rsquo;ensemble du territoire forme un \u00e9cosyst\u00e8me tr\u00e8s riche en biodiversit\u00e9. Plusieurs esp\u00e8ces embl\u00e9matiques ou rares y sont repr\u00e9sent\u00e9es : dauphins roses et dauphins gris, loutres g\u00e9antes, lamentins, ca\u00efmans noirs, 17 vari\u00e9t\u00e9s de singes <span style=\"color: #000000;\"><span style=\"font-size: medium;\">parmi d&rsquo;autres esp\u00e8ces end\u00e9miques et en voie de disparition.\u00a0<\/span><\/span><\/span><\/p>\n<p align=\"JUSTIFY\"><span style=\"font-family: Calibri, sans-serif;\">Depuis sa cr\u00e9ation il y a 17 ans, la concession de conservation Yanayacu-Maquia joue un r\u00f4le d\u00e9terminant pour : <\/span><\/p>\n<p align=\"JUSTIFY\">\u2022 <span style=\"font-family: Calibri, sans-serif;\">Lutter contre le changement climatique : la concession comporte 23 150 hectares d\u2019Aguajal (<i>Mauritia Flexuosa<\/i>), chaque hectare capture environ 640 tonnes de carbone<\/span><\/p>\n<p align=\"JUSTIFY\">\u2022 <span style=\"font-family: Calibri, sans-serif;\">Prot\u00e9ger la biodiversit\u00e9 : 7 types de for\u00eats tropicales humides ont \u00e9t\u00e9 recens\u00e9s et de nombreuses esp\u00e8ces class\u00e9es sur la liste rouge de l&rsquo;<a href=\"https:\/\/www.iucnredlist.org\/\">IUCN<\/a> sont pr\u00e9sentes : dauphin rose (<i>Inia geoffrensis<\/i>), loutre g\u00e9ante (<i>Pterona brasiliensis<\/i>), mata-mata (<i>Chelus fimbriatus<\/i>), etc.<\/span><\/p>\n<p align=\"JUSTIFY\">\u2022 <span style=\"font-family: Calibri, sans-serif;\">D\u00e9velopper une gestion durable des ressources naturelles pour et par les communaut\u00e9s (agroforesterie, p\u00eache, apiculture\u2026)<\/span><\/p>\n<iframe loading=\"lazy\" title=\"Reserva Yanayacu Maquia\" width=\"525\" height=\"295\" src=\"https:\/\/www.youtube.com\/embed\/A_03fv9g5Ds?feature=oembed\" frameborder=\"0\" allow=\"accelerometer; autoplay; clipboard-write; encrypted-media; gyroscope; picture-in-picture; web-share\" allowfullscreen><\/iframe>\n\n<!-- \/wp:embed -->\n\n<!-- wp:embed {\"providerNameSlug\":\"wordpress\"} \/-->","protected":false},"excerpt":{"rendered":"<p>Biodiversit\u00e9 Amazonienne est une association fran\u00e7aise de loi 1901 cr\u00e9\u00e9e en 2004 par Lotty Morey, pr\u00e9sidente de l&rsquo;association. En 2006, elle se voit octroyer par le gouvernement p\u00e9ruvien la concession de conservation Yanayacu-Maquia pour une p\u00e9riode de 40 ans renouvelables. L&rsquo;objectif de l&rsquo;association est d&rsquo;agir contre la d\u00e9forestation et pour la pr\u00e9servation de la concession &hellip; <\/p>\n<p class=\"link-more\"><a href=\"https:\/\/biodiversite-amazonienne.org\/index.php\/qui-sommes-nous\/\" class=\"more-link\">Continuer la lecture<span class=\"screen-reader-text\"> de &laquo;&nbsp;Qui sommes-nous ?&nbsp;&raquo;<\/span><\/a><\/p>\n","protected":false},"author":1,"featured_media":617,"parent":0,"menu_order":0,"comment_status":"closed","ping_status":"closed","template":"","meta":[],"_links":{"self":[{"href":"https:\/\/biodiversite-amazonienne.org\/index.php\/wp-json\/wp\/v2\/pages\/212"}],"collection":[{"href":"https:\/\/biodiversite-amazonienne.org\/index.php\/wp-json\/wp\/v2\/pages"}],"about":[{"href":"https:\/\/biodiversite-amazonienne.org\/index.php\/wp-json\/wp\/v2\/types\/page"}],"author":[{"embeddable":true,"href":"https:\/\/biodiversite-amazonienne.org\/index.php\/wp-json\/wp\/v2\/users\/1"}],"replies":[{"embeddable":true,"href":"https:\/\/biodiversite-amazonienne.org\/index.php\/wp-json\/wp\/v2\/comments?post=212"}],"version-history":[{"count":18,"href":"https:\/\/biodiversite-amazonienne.org\/index.php\/wp-json\/wp\/v2\/pages\/212\/revisions"}],"predecessor-version":[{"id":1637,"href":"https:\/\/biodiversite-amazonienne.org\/index.php\/wp-json\/wp\/v2\/pages\/212\/revisions\/1637"}],"wp:featuredmedia":[{"embeddable":true,"href":"https:\/\/biodiversite-amazonienne.org\/index.php\/wp-json\/wp\/v2\/media\/617"}],"wp:attachment":[{"href":"https:\/\/biodiversite-amazonienne.org\/index.php\/wp-json\/wp\/v2\/media?parent=212"}],"curies":[{"name":"wp","href":"https:\/\/api.w.org\/{rel}","templated":true}]}}