{"id":213,"date":"2018-06-04T22:01:01","date_gmt":"2018-06-04T20:01:01","guid":{"rendered":"http:\/\/biodiversite-amazonienne.org\/?page_id=213"},"modified":"2021-05-17T14:42:05","modified_gmt":"2021-05-17T12:42:05","slug":"nos-projets","status":"publish","type":"page","link":"https:\/\/biodiversite-amazonienne.org\/index.php\/nos-projets\/","title":{"rendered":"Nos projets"},"content":{"rendered":"<p style=\"text-align: justify;\">Notre travail au sein de la concession se divise entre trois types de projets: conservation, recherche scientifique et alternatives \u00e9conomiques. Ainsi, nous cherchons \u00e0 prot\u00e9ger la Concession de Conservation Yanayacu Maquia tout en apprenant \u00e0 mieux la conna\u00eetre et en am\u00e9liorant les conditions de vie des populations qui vivent dans la zone.<\/p>\n<p><a href=\"http:\/\/biodiversite-amazonienne.org\/index.php\/recherche-scientifique\/\"><br \/>\n<img loading=\"lazy\" class=\"wp-image-969 size-full aligncenter\" src=\"http:\/\/biodiversite-amazonienne.org\/wp-content\/uploads\/2021\/05\/Recherche-scientif-v1.jpg\" alt=\"\" width=\"679\" height=\"400\" srcset=\"https:\/\/biodiversite-amazonienne.org\/wp-content\/uploads\/2021\/05\/Recherche-scientif-v1.jpg 679w, https:\/\/biodiversite-amazonienne.org\/wp-content\/uploads\/2021\/05\/Recherche-scientif-v1-300x177.jpg 300w\" sizes=\"(max-width: 679px) 100vw, 679px\" \/><\/a><\/p>\n<p><a href=\"http:\/\/biodiversite-amazonienne.org\/index.php\/conservation\/\"><img loading=\"lazy\" class=\"wp-image-971 size-full aligncenter\" src=\"http:\/\/biodiversite-amazonienne.org\/wp-content\/uploads\/2021\/05\/conservation-V1.jpg\" alt=\"\" width=\"677\" height=\"379\" srcset=\"https:\/\/biodiversite-amazonienne.org\/wp-content\/uploads\/2021\/05\/conservation-V1.jpg 677w, https:\/\/biodiversite-amazonienne.org\/wp-content\/uploads\/2021\/05\/conservation-V1-300x168.jpg 300w\" sizes=\"(max-width: 677px) 100vw, 677px\" \/><\/a><\/p>\n<p><a href=\"http:\/\/biodiversite-amazonienne.org\/index.php\/alternatives-economiques\/\"><img loading=\"lazy\" class=\"aligncenter wp-image-972 size-full\" src=\"http:\/\/biodiversite-amazonienne.org\/wp-content\/uploads\/2021\/05\/alter-eco-v1-1.jpg\" alt=\"\" width=\"677\" height=\"379\" \/><\/a><\/p>\n<p>&nbsp;<\/p>\n","protected":false},"excerpt":{"rendered":"<p>Notre travail au sein de la concession se divise entre trois types de projets: conservation, recherche scientifique et alternatives \u00e9conomiques. Ainsi, nous cherchons \u00e0 prot\u00e9ger la Concession de Conservation Yanayacu Maquia tout en apprenant \u00e0 mieux la conna\u00eetre et en am\u00e9liorant les conditions de vie des populations qui vivent dans la zone. &nbsp;<\/p>\n","protected":false},"author":1,"featured_media":0,"parent":0,"menu_order":0,"comment_status":"closed","ping_status":"closed","template":"","meta":[],"_links":{"self":[{"href":"https:\/\/biodiversite-amazonienne.org\/index.php\/wp-json\/wp\/v2\/pages\/213"}],"collection":[{"href":"https:\/\/biodiversite-amazonienne.org\/index.php\/wp-json\/wp\/v2\/pages"}],"about":[{"href":"https:\/\/biodiversite-amazonienne.org\/index.php\/wp-json\/wp\/v2\/types\/page"}],"author":[{"embeddable":true,"href":"https:\/\/biodiversite-amazonienne.org\/index.php\/wp-json\/wp\/v2\/users\/1"}],"replies":[{"embeddable":true,"href":"https:\/\/biodiversite-amazonienne.org\/index.php\/wp-json\/wp\/v2\/comments?post=213"}],"version-history":[{"count":7,"href":"https:\/\/biodiversite-amazonienne.org\/index.php\/wp-json\/wp\/v2\/pages\/213\/revisions"}],"predecessor-version":[{"id":1158,"href":"https:\/\/biodiversite-amazonienne.org\/index.php\/wp-json\/wp\/v2\/pages\/213\/revisions\/1158"}],"wp:attachment":[{"href":"https:\/\/biodiversite-amazonienne.org\/index.php\/wp-json\/wp\/v2\/media?parent=213"}],"curies":[{"name":"wp","href":"https:\/\/api.w.org\/{rel}","templated":true}]}}