{"id":214,"date":"2018-06-04T22:01:01","date_gmt":"2018-06-04T20:01:01","guid":{"rendered":"http:\/\/biodiversite-amazonienne.org\/?page_id=214"},"modified":"2023-06-06T15:39:49","modified_gmt":"2023-06-06T13:39:49","slug":"conservation","status":"publish","type":"page","link":"https:\/\/biodiversite-amazonienne.org\/index.php\/conservation\/","title":{"rendered":"Conservation"},"content":{"rendered":"\n<p><em>Le travail des gardes forestiers en faveur de la conservation de la biodiversit\u00e9<\/em><\/p>\n\n\n\n<p>L&rsquo;exploitation s\u00e9lective des esp\u00e8ces de bois \u00e0 haute valeur commerciale, la p\u00eache et la chasse excessive font dispara\u00eetre des esp\u00e8ces pr\u00e9cieuses des rivi\u00e8res, des lacs et des for\u00eats. Pour emp\u00eacher cela, Biodiversit\u00e9 Amazonienne a mis en place u<span style=\"color: #333333;\">ne \u00e9quipe locale d\u00e9di\u00e9e \u00e0 la sauvegarde des 40 000 hectares de la concession. <\/span><\/p>\n\n\n\n<p>Quatre gardes forestiers surveillent et contr\u00f4lent la zone et son p\u00e9rim\u00e8tre \u00e0 pieds et\/ou par les rivi\u00e8res et assurent une veille permanente afin d\u2019\u00e9viter toute d\u00e9forestation, p\u00eache et chasse ill\u00e9gales. <\/p>\n\n\n\n<p>L\u2019installation de gu\u00e9rites plac\u00e9es \u00e0 des endroits strat\u00e9giques permet de contr\u00f4ler et de surveiller les for\u00eats et les lacs et rivi\u00e8res, en dissuadant les populations de faire un usage irrationnel de la for\u00eat.<\/p>\n\n\n\n<div class=\"wp-block-image\"><figure class=\"aligncenter\"><img loading=\"lazy\" width=\"1024\" height=\"768\" src=\"http:\/\/biodiversite-amazonienne.org\/wp-content\/uploads\/2018\/06\/20180511_160214-1024x768.jpg\" alt=\"\" class=\"wp-image-276\" srcset=\"https:\/\/biodiversite-amazonienne.org\/wp-content\/uploads\/2018\/06\/20180511_160214-1024x768.jpg 1024w, https:\/\/biodiversite-amazonienne.org\/wp-content\/uploads\/2018\/06\/20180511_160214-300x225.jpg 300w, https:\/\/biodiversite-amazonienne.org\/wp-content\/uploads\/2018\/06\/20180511_160214-768x576.jpg 768w\" sizes=\"(max-width: 767px) 89vw, (max-width: 1000px) 54vw, (max-width: 1071px) 543px, 580px\" \/><figcaption>Une des gu\u00e9rites de contr\u00f4le<\/figcaption><\/figure><\/div>\n\n\n\n<figure class=\"wp-block-embed is-type-video is-provider-youtube wp-block-embed-youtube wp-embed-aspect-16-9 wp-has-aspect-ratio\"><div class=\"wp-block-embed__wrapper\">\n<iframe loading=\"lazy\" title=\"Reserva de Yanayacu Maquia: Ivan guarda parque\" width=\"525\" height=\"295\" src=\"https:\/\/www.youtube.com\/embed\/LVfuqmuzUKM?feature=oembed\" frameborder=\"0\" allow=\"accelerometer; autoplay; clipboard-write; encrypted-media; gyroscope; picture-in-picture\" allowfullscreen><\/iframe>\n<\/div><\/figure>\n\n\n\n<p class=\"has-text-align-center\"><\/p>\n\n\n\n<div class=\"wp-block-image\"><figure class=\"aligncenter\"><img loading=\"lazy\" width=\"1024\" height=\"536\" src=\"http:\/\/biodiversite-amazonienne.org\/wp-content\/uploads\/2018\/06\/ae-1024x536.png\" alt=\"\" class=\"wp-image-371\" srcset=\"https:\/\/biodiversite-amazonienne.org\/wp-content\/uploads\/2018\/06\/ae-1024x536.png 1024w, https:\/\/biodiversite-amazonienne.org\/wp-content\/uploads\/2018\/06\/ae-300x157.png 300w, https:\/\/biodiversite-amazonienne.org\/wp-content\/uploads\/2018\/06\/ae-768x402.png 768w, https:\/\/biodiversite-amazonienne.org\/wp-content\/uploads\/2018\/06\/ae.png 1086w\" sizes=\"(max-width: 767px) 89vw, (max-width: 1000px) 54vw, (max-width: 1071px) 543px, 580px\" \/><figcaption>Les gardes forestiers de la concession r\u00e9parent un moteur de bateau<\/figcaption><\/figure><\/div>\n\n\n\n<p class=\"has-text-align-center\"><\/p>\n\n\n\n<p class=\"text_justify\">Gr\u00e2ce \u00e0 nos actions pour la pr\u00e9servation de la biodiversit\u00e9, nous observons une am\u00e9lioration de la qualit\u00e9 des eaux des lacs et des rivi\u00e8res, un enrichissement de la faune et de la flore et le r\u00e9tablissement des esp\u00e8ces menac\u00e9es. Parmi elles, le dauphin rose (<em><i>Inia geoffrensis<\/i><\/em>), la loutre g\u00e9ante (<em><i>Pteronura brasiliensis<\/i><\/em>), le ca\u00efman noir (<em><i>Melanosuchus niger<\/i><\/em>) et des vari\u00e9t\u00e9s de singes parmi d\u2019autres esp\u00e8ces end\u00e9miques ou en voie de disparition.<\/p>\n\n\n\n<figure class=\"wp-block-gallery columns-3 is-cropped\"><ul class=\"blocks-gallery-grid\"><li class=\"blocks-gallery-item\"><figure><img loading=\"lazy\" width=\"1920\" height=\"1080\" src=\"http:\/\/biodiversite-amazonienne.org\/wp-content\/uploads\/2018\/06\/35238013_501580890261274_4937898967926046720_n.jpg\" alt=\"\" data-id=\"541\" class=\"wp-image-541\" srcset=\"https:\/\/biodiversite-amazonienne.org\/wp-content\/uploads\/2018\/06\/35238013_501580890261274_4937898967926046720_n.jpg 1920w, https:\/\/biodiversite-amazonienne.org\/wp-content\/uploads\/2018\/06\/35238013_501580890261274_4937898967926046720_n-300x169.jpg 300w, https:\/\/biodiversite-amazonienne.org\/wp-content\/uploads\/2018\/06\/35238013_501580890261274_4937898967926046720_n-768x432.jpg 768w, https:\/\/biodiversite-amazonienne.org\/wp-content\/uploads\/2018\/06\/35238013_501580890261274_4937898967926046720_n-1024x576.jpg 1024w\" sizes=\"(max-width: 767px) 89vw, (max-width: 1000px) 54vw, (max-width: 1071px) 543px, 580px\" \/><\/figure><\/li><li class=\"blocks-gallery-item\"><figure><img loading=\"lazy\" width=\"1920\" height=\"1080\" src=\"http:\/\/biodiversite-amazonienne.org\/wp-content\/uploads\/2018\/06\/35143849_501585066927523_2111889377117339648_n.jpg\" alt=\"\" data-id=\"540\" class=\"wp-image-540\" srcset=\"https:\/\/biodiversite-amazonienne.org\/wp-content\/uploads\/2018\/06\/35143849_501585066927523_2111889377117339648_n.jpg 1920w, https:\/\/biodiversite-amazonienne.org\/wp-content\/uploads\/2018\/06\/35143849_501585066927523_2111889377117339648_n-300x169.jpg 300w, https:\/\/biodiversite-amazonienne.org\/wp-content\/uploads\/2018\/06\/35143849_501585066927523_2111889377117339648_n-768x432.jpg 768w, https:\/\/biodiversite-amazonienne.org\/wp-content\/uploads\/2018\/06\/35143849_501585066927523_2111889377117339648_n-1024x576.jpg 1024w\" sizes=\"(max-width: 767px) 89vw, (max-width: 1000px) 54vw, (max-width: 1071px) 543px, 580px\" \/><\/figure><\/li><li class=\"blocks-gallery-item\"><figure><img loading=\"lazy\" width=\"1920\" height=\"1080\" src=\"http:\/\/biodiversite-amazonienne.org\/wp-content\/uploads\/2018\/06\/35098127_501586703594026_7403288956940320768_n.jpg\" alt=\"\" data-id=\"539\" class=\"wp-image-539\" srcset=\"https:\/\/biodiversite-amazonienne.org\/wp-content\/uploads\/2018\/06\/35098127_501586703594026_7403288956940320768_n.jpg 1920w, https:\/\/biodiversite-amazonienne.org\/wp-content\/uploads\/2018\/06\/35098127_501586703594026_7403288956940320768_n-300x169.jpg 300w, https:\/\/biodiversite-amazonienne.org\/wp-content\/uploads\/2018\/06\/35098127_501586703594026_7403288956940320768_n-768x432.jpg 768w, https:\/\/biodiversite-amazonienne.org\/wp-content\/uploads\/2018\/06\/35098127_501586703594026_7403288956940320768_n-1024x576.jpg 1024w\" sizes=\"(max-width: 767px) 89vw, (max-width: 1000px) 54vw, (max-width: 1071px) 543px, 580px\" \/><\/figure><\/li><li class=\"blocks-gallery-item\"><figure><img loading=\"lazy\" width=\"1072\" height=\"563\" src=\"http:\/\/biodiversite-amazonienne.org\/wp-content\/uploads\/2018\/06\/map.png\" alt=\"\" data-id=\"398\" class=\"wp-image-398\" srcset=\"https:\/\/biodiversite-amazonienne.org\/wp-content\/uploads\/2018\/06\/map.png 1072w, https:\/\/biodiversite-amazonienne.org\/wp-content\/uploads\/2018\/06\/map-300x158.png 300w, https:\/\/biodiversite-amazonienne.org\/wp-content\/uploads\/2018\/06\/map-768x403.png 768w, https:\/\/biodiversite-amazonienne.org\/wp-content\/uploads\/2018\/06\/map-1024x538.png 1024w\" sizes=\"(max-width: 767px) 89vw, (max-width: 1000px) 54vw, (max-width: 1071px) 543px, 580px\" \/><\/figure><\/li><li class=\"blocks-gallery-item\"><figure><img loading=\"lazy\" width=\"906\" height=\"594\" src=\"http:\/\/biodiversite-amazonienne.org\/wp-content\/uploads\/2018\/06\/fzeq.png\" alt=\"\" data-id=\"409\" class=\"wp-image-409\" srcset=\"https:\/\/biodiversite-amazonienne.org\/wp-content\/uploads\/2018\/06\/fzeq.png 906w, https:\/\/biodiversite-amazonienne.org\/wp-content\/uploads\/2018\/06\/fzeq-300x197.png 300w, https:\/\/biodiversite-amazonienne.org\/wp-content\/uploads\/2018\/06\/fzeq-768x504.png 768w\" sizes=\"(max-width: 767px) 89vw, (max-width: 1000px) 54vw, (max-width: 1071px) 543px, 580px\" \/><\/figure><\/li><li class=\"blocks-gallery-item\"><figure><img loading=\"lazy\" width=\"945\" height=\"560\" src=\"http:\/\/biodiversite-amazonienne.org\/wp-content\/uploads\/2018\/06\/lkllp.png\" alt=\"\" data-id=\"396\" class=\"wp-image-396\" srcset=\"https:\/\/biodiversite-amazonienne.org\/wp-content\/uploads\/2018\/06\/lkllp.png 945w, https:\/\/biodiversite-amazonienne.org\/wp-content\/uploads\/2018\/06\/lkllp-300x178.png 300w, https:\/\/biodiversite-amazonienne.org\/wp-content\/uploads\/2018\/06\/lkllp-768x455.png 768w\" sizes=\"(max-width: 767px) 89vw, (max-width: 1000px) 54vw, (max-width: 1071px) 543px, 580px\" \/><\/figure><\/li><li class=\"blocks-gallery-item\"><figure><img loading=\"lazy\" width=\"785\" height=\"435\" src=\"http:\/\/biodiversite-amazonienne.org\/wp-content\/uploads\/2018\/06\/pmok.png\" alt=\"\" data-id=\"390\" class=\"wp-image-390\" srcset=\"https:\/\/biodiversite-amazonienne.org\/wp-content\/uploads\/2018\/06\/pmok.png 785w, https:\/\/biodiversite-amazonienne.org\/wp-content\/uploads\/2018\/06\/pmok-300x166.png 300w, https:\/\/biodiversite-amazonienne.org\/wp-content\/uploads\/2018\/06\/pmok-768x426.png 768w\" sizes=\"(max-width: 767px) 89vw, (max-width: 1000px) 54vw, (max-width: 1071px) 543px, 580px\" \/><\/figure><\/li><li class=\"blocks-gallery-item\"><figure><img loading=\"lazy\" width=\"2048\" height=\"1536\" src=\"http:\/\/biodiversite-amazonienne.org\/wp-content\/uploads\/2018\/04\/Rana-1.jpg\" alt=\"\" data-id=\"100\" class=\"wp-image-100\" srcset=\"https:\/\/biodiversite-amazonienne.org\/wp-content\/uploads\/2018\/04\/Rana-1.jpg 2048w, https:\/\/biodiversite-amazonienne.org\/wp-content\/uploads\/2018\/04\/Rana-1-300x225.jpg 300w, https:\/\/biodiversite-amazonienne.org\/wp-content\/uploads\/2018\/04\/Rana-1-768x576.jpg 768w, https:\/\/biodiversite-amazonienne.org\/wp-content\/uploads\/2018\/04\/Rana-1-1024x768.jpg 1024w\" sizes=\"(max-width: 767px) 89vw, (max-width: 1000px) 54vw, (max-width: 1071px) 543px, 580px\" \/><\/figure><\/li><li class=\"blocks-gallery-item\"><figure><img loading=\"lazy\" width=\"898\" height=\"492\" src=\"http:\/\/biodiversite-amazonienne.org\/wp-content\/uploads\/2018\/06\/Ca32.png\" alt=\"\" data-id=\"418\" class=\"wp-image-418\" srcset=\"https:\/\/biodiversite-amazonienne.org\/wp-content\/uploads\/2018\/06\/Ca32.png 898w, https:\/\/biodiversite-amazonienne.org\/wp-content\/uploads\/2018\/06\/Ca32-300x164.png 300w, https:\/\/biodiversite-amazonienne.org\/wp-content\/uploads\/2018\/06\/Ca32-768x421.png 768w\" sizes=\"(max-width: 767px) 89vw, (max-width: 1000px) 54vw, (max-width: 1071px) 543px, 580px\" \/><\/figure><\/li><\/ul><\/figure>\n","protected":false},"excerpt":{"rendered":"<p>Le travail des gardes forestiers en faveur de la conservation de la biodiversit\u00e9 L&rsquo;exploitation s\u00e9lective des esp\u00e8ces de bois \u00e0 haute valeur commerciale, la p\u00eache et la chasse excessive font dispara\u00eetre des esp\u00e8ces pr\u00e9cieuses des rivi\u00e8res, des lacs et des for\u00eats. Pour emp\u00eacher cela, Biodiversit\u00e9 Amazonienne a mis en place une \u00e9quipe locale d\u00e9di\u00e9e \u00e0 &hellip; <\/p>\n<p class=\"link-more\"><a href=\"https:\/\/biodiversite-amazonienne.org\/index.php\/conservation\/\" class=\"more-link\">Continuer la lecture<span class=\"screen-reader-text\"> de &laquo;&nbsp;Conservation&nbsp;&raquo;<\/span><\/a><\/p>\n","protected":false},"author":1,"featured_media":397,"parent":0,"menu_order":0,"comment_status":"closed","ping_status":"closed","template":"","meta":[],"_links":{"self":[{"href":"https:\/\/biodiversite-amazonienne.org\/index.php\/wp-json\/wp\/v2\/pages\/214"}],"collection":[{"href":"https:\/\/biodiversite-amazonienne.org\/index.php\/wp-json\/wp\/v2\/pages"}],"about":[{"href":"https:\/\/biodiversite-amazonienne.org\/index.php\/wp-json\/wp\/v2\/types\/page"}],"author":[{"embeddable":true,"href":"https:\/\/biodiversite-amazonienne.org\/index.php\/wp-json\/wp\/v2\/users\/1"}],"replies":[{"embeddable":true,"href":"https:\/\/biodiversite-amazonienne.org\/index.php\/wp-json\/wp\/v2\/comments?post=214"}],"version-history":[{"count":23,"href":"https:\/\/biodiversite-amazonienne.org\/index.php\/wp-json\/wp\/v2\/pages\/214\/revisions"}],"predecessor-version":[{"id":1638,"href":"https:\/\/biodiversite-amazonienne.org\/index.php\/wp-json\/wp\/v2\/pages\/214\/revisions\/1638"}],"wp:featuredmedia":[{"embeddable":true,"href":"https:\/\/biodiversite-amazonienne.org\/index.php\/wp-json\/wp\/v2\/media\/397"}],"wp:attachment":[{"href":"https:\/\/biodiversite-amazonienne.org\/index.php\/wp-json\/wp\/v2\/media?parent=214"}],"curies":[{"name":"wp","href":"https:\/\/api.w.org\/{rel}","templated":true}]}}