{"id":215,"date":"2018-06-04T22:01:01","date_gmt":"2018-06-04T20:01:01","guid":{"rendered":"http:\/\/biodiversite-amazonienne.org\/?page_id=215"},"modified":"2023-06-23T17:23:20","modified_gmt":"2023-06-23T15:23:20","slug":"recherche-scientifique","status":"publish","type":"page","link":"https:\/\/biodiversite-amazonienne.org\/index.php\/recherche-scientifique\/","title":{"rendered":"Recherche scientifique"},"content":{"rendered":"\n<p><strong>2023<\/strong><\/p>\n\n\n\n<p>A travers ses&nbsp;40 mille hectares et les 7 diff\u00e9rents types de for\u00eat&nbsp;qu\u2019elle abrite, la CCYM poss\u00e8de une biodiversit\u00e9 des plus riches de la for\u00eat amazonienne. Depuis sa cr\u00e9ation en 2006, il y a notamment \u00e9t\u00e9 observ\u00e9 un grand nombre d\u2019esp\u00e8ces animales et v\u00e9g\u00e9tales en danger et plac\u00e9es sur liste rouge de l&rsquo;IUCN. Cette biodiversit\u00e9 qui a jusqu\u2019alors pu \u00eatre observ\u00e9e \u00e0 l\u2019\u0153il nu, va pouvoir \u00eatre&nbsp;r\u00e9pertori\u00e9e plus pr\u00e9cis\u00e9ment&nbsp;\u00e0 l\u2019aide de notre partenaire, le&nbsp;<a rel=\"noreferrer noopener\" href=\"https:\/\/www.spygen.com\/\" target=\"_blank\">laboratoire SPYGEN<\/a>.<\/p>\n\n\n\n<figure class=\"wp-block-gallery columns-2 is-cropped\"><ul class=\"blocks-gallery-grid\"><li class=\"blocks-gallery-item\"><figure><img loading=\"lazy\" width=\"1024\" height=\"683\" src=\"http:\/\/biodiversite-amazonienne.org\/wp-content\/uploads\/2023\/05\/IMG_8862-1024x683.jpg\" alt=\"\" data-id=\"1619\" data-full-url=\"http:\/\/biodiversite-amazonienne.org\/wp-content\/uploads\/2023\/05\/IMG_8862-scaled-e1683830623913.jpg\" data-link=\"https:\/\/biodiversite-amazonienne.org\/index.php\/recherche-scientifique\/img_8862\/\" class=\"wp-image-1619\"\/><figcaption class=\"blocks-gallery-item__caption\"><em><em>Saimiri macrodon<\/em><\/em><\/figcaption><\/figure><\/li><li class=\"blocks-gallery-item\"><figure><img loading=\"lazy\" width=\"1024\" height=\"512\" src=\"http:\/\/biodiversite-amazonienne.org\/wp-content\/uploads\/2023\/04\/CCYM-Jules-y-Milenka-muestrando-en-el-rio_spygen_2023-1024x512.jpg\" alt=\"\" data-id=\"1597\" data-full-url=\"http:\/\/biodiversite-amazonienne.org\/wp-content\/uploads\/2023\/04\/CCYM-Jules-y-Milenka-muestrando-en-el-rio_spygen_2023.jpg\" data-link=\"https:\/\/biodiversite-amazonienne.org\/ccym-jules-y-milenka-muestrando-en-el-rio_spygen_2023\/\" class=\"wp-image-1597\" srcset=\"https:\/\/biodiversite-amazonienne.org\/wp-content\/uploads\/2023\/04\/CCYM-Jules-y-Milenka-muestrando-en-el-rio_spygen_2023-1024x512.jpg 1024w, https:\/\/biodiversite-amazonienne.org\/wp-content\/uploads\/2023\/04\/CCYM-Jules-y-Milenka-muestrando-en-el-rio_spygen_2023-300x150.jpg 300w, https:\/\/biodiversite-amazonienne.org\/wp-content\/uploads\/2023\/04\/CCYM-Jules-y-Milenka-muestrando-en-el-rio_spygen_2023-768x384.jpg 768w, https:\/\/biodiversite-amazonienne.org\/wp-content\/uploads\/2023\/04\/CCYM-Jules-y-Milenka-muestrando-en-el-rio_spygen_2023.jpg 1200w\" sizes=\"(max-width: 767px) 89vw, (max-width: 1000px) 54vw, (max-width: 1071px) 543px, 580px\" \/><figcaption class=\"blocks-gallery-item__caption\">Jules (volontaire) et Milenka (Envol Vert) durant la mission Spygen<\/figcaption><\/figure><\/li><\/ul><figcaption class=\"blocks-gallery-caption\">Photos prises en mars 2023. \u00a9Jules Meunier \/ \u00a9Lotty Morrey<\/figcaption><\/figure>\n\n\n\n<p><\/p>\n\n\n\n<p>En collaboration avec cette entreprise fran\u00e7aise et l&rsquo;ONG <a rel=\"noreferrer noopener\" href=\"https:\/\/envol-vert.org\/pro\/yanayacu-maquia-perou\/\" target=\"_blank\">Envol Vert<\/a>, nous avons men\u00e9 une exp\u00e9dition scientifique dans la concession afin d\u2019\u00e9chantillonner&nbsp;12 points d\u2019eau&nbsp;tels que des rivi\u00e8res, des lagunes et diff\u00e9rents types de tourbi\u00e8res. A travers ce travail collaboratif, nous souhaitons am\u00e9liorer l&rsquo;\u00e9tat de nos connaissances sur les esp\u00e8ces vivant dans la concession et ainsi mettre en place des mesures de protection pour les plus vuln\u00e9rables.<\/p>\n\n\n\n<p><strong>2019<\/strong><\/p>\n\n\n\n<div class=\"wp-block-image\"><figure class=\"alignleft\"><img loading=\"lazy\" width=\"300\" height=\"201\" src=\"http:\/\/biodiversite-amazonienne.org\/wp-content\/uploads\/2021\/07\/Garde-forestier-300x201.jpg\" alt=\"\" class=\"wp-image-1346\" srcset=\"https:\/\/biodiversite-amazonienne.org\/wp-content\/uploads\/2021\/07\/Garde-forestier-300x201.jpg 300w, https:\/\/biodiversite-amazonienne.org\/wp-content\/uploads\/2021\/07\/Garde-forestier-1024x685.jpg 1024w, https:\/\/biodiversite-amazonienne.org\/wp-content\/uploads\/2021\/07\/Garde-forestier-768x514.jpg 768w, https:\/\/biodiversite-amazonienne.org\/wp-content\/uploads\/2021\/07\/Garde-forestier-1536x1028.jpg 1536w, https:\/\/biodiversite-amazonienne.org\/wp-content\/uploads\/2021\/07\/Garde-forestier-2048x1371.jpg 2048w\" sizes=\"(max-width: 300px) 100vw, 300px\" \/><\/figure><\/div>\n\n\n\n<p>En 2019, un groupe de travail de la State University of Arizona (ASU), en collaboration avec la Universidad de la Amazonia Peruana (UNAP), a effectu\u00e9 une enqu\u00eate sur la tourbi\u00e8re de Yanayacu-Maquia. Si l&rsquo;enqu\u00eate doit encore continuer, des r\u00e9sultats prometteurs ont \u00e9t\u00e9 trouv\u00e9s quant \u00e0 la mesure des taux d&rsquo;\u00e9mission des GES de la tourbi\u00e8re ainsi que ses cycles.<\/p>\n\n\n\n<p><\/p>\n\n\n\n<p><strong>En 2008<\/strong>, Biodiversit\u00e9 Amazonienne a recens\u00e9 les esp\u00e8ces vivant dans la concession. L\u2019objectif \u00e9tait notamment de sensibiliser les plus jeunes personnes vivant pr\u00e8s de la zone \u00e0 l\u2019importance de prot\u00e9ger les oiseaux et les for\u00eats qu\u2019ils habitent. Nous avons ainsi identifi\u00e9 plus de 100 esp\u00e8ces, dont la majeure partie ne se trouvait pas dans les pr\u00e9c\u00e9dents recensements.<\/p>\n\n\n\n<div class=\"wp-block-image\"><figure class=\"aligncenter\"><img loading=\"lazy\" width=\"300\" height=\"168\" src=\"http:\/\/biodiversite-amazonienne.org\/wp-content\/uploads\/2021\/07\/Ara-ararauna-300x168.jpg\" alt=\"\" class=\"wp-image-1347\" srcset=\"https:\/\/biodiversite-amazonienne.org\/wp-content\/uploads\/2021\/07\/Ara-ararauna-300x168.jpg 300w, https:\/\/biodiversite-amazonienne.org\/wp-content\/uploads\/2021\/07\/Ara-ararauna-1024x575.jpg 1024w, https:\/\/biodiversite-amazonienne.org\/wp-content\/uploads\/2021\/07\/Ara-ararauna-768x431.jpg 768w, https:\/\/biodiversite-amazonienne.org\/wp-content\/uploads\/2021\/07\/Ara-ararauna-1536x862.jpg 1536w, https:\/\/biodiversite-amazonienne.org\/wp-content\/uploads\/2021\/07\/Ara-ararauna-2048x1150.jpg 2048w\" sizes=\"(max-width: 300px) 100vw, 300px\" \/><figcaption>L\u2019Ara bleu (Ara arauna) entre amis.<\/figcaption><\/figure><\/div>\n\n\n\n<div class=\"wp-block-image\"><figure class=\"aligncenter\"><img loading=\"lazy\" width=\"300\" height=\"219\" src=\"http:\/\/biodiversite-amazonienne.org\/wp-content\/uploads\/2021\/04\/Aninga-300x219.jpg\" alt=\"\" class=\"wp-image-907\" srcset=\"https:\/\/biodiversite-amazonienne.org\/wp-content\/uploads\/2021\/04\/Aninga-300x219.jpg 300w, https:\/\/biodiversite-amazonienne.org\/wp-content\/uploads\/2021\/04\/Aninga.jpg 473w\" sizes=\"(max-width: 300px) 100vw, 300px\" \/><figcaption>L\u2019Aninga (Anhiga anhingo) par\u00e9 au d\u00e9collage<\/figcaption><\/figure><\/div>\n\n\n\n<p><em>Des tourbi\u00e8res particuli\u00e8rement bien conserv\u00e9es<\/em><\/p>\n\n\n\n<p><strong>Depuis 2007<\/strong>, la Concession de Conservation Yanayacu Maquia, avec le soutien de l\u2019Universit\u00e9 de l\u2019Arizona et d\u2019Iquitos, a men\u00e9 des \u00e9tudes sur la valorisation et la reconnaissance de certaines des tourbi\u00e8res les mieux pr\u00e9serv\u00e9es au monde.<\/p>\n\n\n\n<div class=\"wp-block-image\"><figure class=\"alignleft\"><img src=\"http:\/\/biodiversite-amazonienne.org\/wp-content\/uploads\/2021\/06\/image-1.png\" alt=\"L\u2019attribut alt de cette image est vide, son nom de fichier est image-1.png.\"\/><\/figure><\/div>\n\n\n\n<p>Une tourbi\u00e8re est une zone humide colonis\u00e9e par la v\u00e9g\u00e9tation, dont les conditions \u00e9cologiques particuli\u00e8res ont permis la formation d\u2019un d\u00e9p\u00f4t de tourbe, mati\u00e8re organique fossile form\u00e9e par l\u2019accumulation de d\u00e9bris v\u00e9g\u00e9taux. Une tourbi\u00e8re fonctionnelle est donc un \u00e9cosyst\u00e8me qui a la capacit\u00e9 d&rsquo;accumuler du carbone, de r\u00e9gulariser les flux d&rsquo;eau, de supporter une grande vari\u00e9t\u00e9 d&rsquo;habitats et d&rsquo;esp\u00e8ces et de nous raconter le pass\u00e9 gr\u00e2ce \u00e0 l\u2019\u00e9tude des mati\u00e8res accumul\u00e9es depuis des mill\u00e9naires dans les couches de son sol. On estime que les tourbi\u00e8res contiennent \u00e0 elles seules, environ le tiers de tout le carbone contenu dans le sol de la plan\u00e8te. Et les tourbi\u00e8res \u00ab tropicales \u00bb stockent deux fois plus de carbone que toutes les for\u00eats du monde. A l\u2019\u00e9chelle de la r\u00e9gion, les tourbi\u00e8res affectent l&rsquo;hydrologie des basses terres de l&rsquo;Amazone, car elles emmagasinent beaucoup d&rsquo;eau et att\u00e9nuent ainsi les inondations et peuvent fonctionner comme sources d&rsquo;eau pour la r\u00e9gion environnante. \u00c0 l&rsquo;\u00e9chelle mondiale, elles jouent un r\u00f4le important dans le cycle global du carbone et l\u2019att\u00e9nuation des effets du changement climatique. La tourbi\u00e8re de la Concession dont la surface est estim\u00e9e \u00e0 7000 ha (soit 15% de la superficie totale) joue donc un r\u00f4le essentiel pour la zone. <\/p>\n\n\n\n<p><\/p>\n\n\n\n<figure class=\"wp-block-embed is-type-video is-provider-youtube wp-block-embed-youtube wp-embed-aspect-16-9 wp-has-aspect-ratio\"><div class=\"wp-block-embed__wrapper\">\n<iframe loading=\"lazy\" title=\"Concession de  conservation Yanayacu Maquia : Aportes universitarios en la proteccion de la turbera\" width=\"525\" height=\"295\" src=\"https:\/\/www.youtube.com\/embed\/ES8tRuaoIwI?feature=oembed\" frameborder=\"0\" allow=\"accelerometer; autoplay; clipboard-write; encrypted-media; gyroscope; picture-in-picture; web-share\" allowfullscreen><\/iframe>\n<\/div><\/figure>\n\n\n\n<figure class=\"wp-block-embed is-type-video is-provider-youtube wp-block-embed-youtube wp-embed-aspect-16-9 wp-has-aspect-ratio\"><div class=\"wp-block-embed__wrapper\">\n<iframe loading=\"lazy\" title=\"Reserva Yanacu Maquia: Turbera y importancia de su proteccion al nivel mundial\" width=\"525\" height=\"295\" src=\"https:\/\/www.youtube.com\/embed\/AgJk4be9NQE?feature=oembed\" frameborder=\"0\" allow=\"accelerometer; autoplay; clipboard-write; encrypted-media; gyroscope; picture-in-picture; web-share\" allowfullscreen><\/iframe>\n<\/div><\/figure>\n\n\n\n<p><a href=\"http:\/\/biodiversite-amazonienne.org\/index.php\/la-tourbiere\/\"><strong>En savoir plus sur la tourbi\u00e8re<\/strong><\/a><\/p>\n\n\n\n<p><figure class=\"wp-block-embed is-type-video is-provider-youtube wp-block-embed-youtube wp-embed-aspect-16-9 wp-has-aspect-ratio\"><\/p>\n\n\n\n<p><\/p>\n","protected":false},"excerpt":{"rendered":"<p>2023 A travers ses&nbsp;40 mille hectares et les 7 diff\u00e9rents types de for\u00eat&nbsp;qu\u2019elle abrite, la CCYM poss\u00e8de une biodiversit\u00e9 des plus riches de la for\u00eat amazonienne. Depuis sa cr\u00e9ation en 2006, il y a notamment \u00e9t\u00e9 observ\u00e9 un grand nombre d\u2019esp\u00e8ces animales et v\u00e9g\u00e9tales en danger et plac\u00e9es sur liste rouge de l&rsquo;IUCN. Cette biodiversit\u00e9 &hellip; <\/p>\n<p class=\"link-more\"><a href=\"https:\/\/biodiversite-amazonienne.org\/index.php\/recherche-scientifique\/\" class=\"more-link\">Continuer la lecture<span class=\"screen-reader-text\"> de &laquo;&nbsp;Recherche scientifique&nbsp;&raquo;<\/span><\/a><\/p>\n","protected":false},"author":1,"featured_media":559,"parent":0,"menu_order":0,"comment_status":"closed","ping_status":"closed","template":"","meta":[],"_links":{"self":[{"href":"https:\/\/biodiversite-amazonienne.org\/index.php\/wp-json\/wp\/v2\/pages\/215"}],"collection":[{"href":"https:\/\/biodiversite-amazonienne.org\/index.php\/wp-json\/wp\/v2\/pages"}],"about":[{"href":"https:\/\/biodiversite-amazonienne.org\/index.php\/wp-json\/wp\/v2\/types\/page"}],"author":[{"embeddable":true,"href":"https:\/\/biodiversite-amazonienne.org\/index.php\/wp-json\/wp\/v2\/users\/1"}],"replies":[{"embeddable":true,"href":"https:\/\/biodiversite-amazonienne.org\/index.php\/wp-json\/wp\/v2\/comments?post=215"}],"version-history":[{"count":21,"href":"https:\/\/biodiversite-amazonienne.org\/index.php\/wp-json\/wp\/v2\/pages\/215\/revisions"}],"predecessor-version":[{"id":1655,"href":"https:\/\/biodiversite-amazonienne.org\/index.php\/wp-json\/wp\/v2\/pages\/215\/revisions\/1655"}],"wp:featuredmedia":[{"embeddable":true,"href":"https:\/\/biodiversite-amazonienne.org\/index.php\/wp-json\/wp\/v2\/media\/559"}],"wp:attachment":[{"href":"https:\/\/biodiversite-amazonienne.org\/index.php\/wp-json\/wp\/v2\/media?parent=215"}],"curies":[{"name":"wp","href":"https:\/\/api.w.org\/{rel}","templated":true}]}}