{"id":216,"date":"2018-06-04T22:01:01","date_gmt":"2018-06-04T20:01:01","guid":{"rendered":"http:\/\/biodiversite-amazonienne.org\/?page_id=216"},"modified":"2023-06-06T16:56:14","modified_gmt":"2023-06-06T14:56:14","slug":"alternatives-economiques","status":"publish","type":"page","link":"https:\/\/biodiversite-amazonienne.org\/index.php\/alternatives-economiques\/","title":{"rendered":"Alternatives \u00e9conomiques"},"content":{"rendered":"\n<p class=\"has-text-align-left\"><span style=\"font-family: Calibri, sans-serif;\"><span style=\"color: #000000;\"><span style=\"font-size: medium;\"><span lang=\"fr-FR\">L&rsquo;implication des communaut\u00e9s est essentielle dans la conservation de la biodiversit\u00e9, c&rsquo;est en cela que Biodiversit\u00e9 Amazonienne travaille pour que les b\u00e9n\u00e9fices de la conservation soient moteur de d\u00e9veloppement pour les communaut\u00e9s. <\/span><\/span><\/span><\/span><\/p>\n\n\n\n<p class=\"has-text-align-left\"><span style=\"color: #000000;\"><span style=\"font-family: Calibri, sans-serif;\"><span style=\"font-size: medium;\">Le d\u00e9fi le plus important consiste \u00e0 d\u00e9montrer, par une bonne gestion sur le terrain, qu&rsquo;il est possible d&rsquo;am\u00e9liorer le mode de vie des populations rurales, de conserver la biodiversit\u00e9 et de cr\u00e9er de la richesse gr\u00e2ce aux diff\u00e9rents modes d&rsquo;utilisation des \u00e9cosyst\u00e8mes et en m\u00eame temps, de r\u00e9duire les pressions externes qui contribuent \u00e0 la d\u00e9forestation et \u00e0 la d\u00e9gradation de la biodiversit\u00e9. <\/span><\/span><\/span><\/p>\n\n\n\n<p class=\"has-text-align-left\"><span style=\"font-family: Calibri, sans-serif;\">Pour ce faire, nous accompagnons les communaut\u00e9s dans la r\u00e9alisation de plusieurs projets : <span style=\"color: #000000;\"><span style=\"font-size: medium;\"><span lang=\"fr-FR\">agroforesterie, gestion de la p\u00eache, apiculture, r\u00e9g\u00e9n\u00e9ration foresti\u00e8re avec des essences natives, etc.<\/span><\/span><\/span><\/span> <\/p>\n\n\n\n<p class=\"has-text-align-left\"><span style=\"color: #000000;\"><span style=\"font-family: Calibri, sans-serif;\"><span style=\"font-size: medium;\">Nous travaillons actuellement \u00e0 la mise en place d&rsquo;une cha\u00eene de valeur juste et transparente bas\u00e9e sur l&rsquo;utilisation durable des ressources naturelles de la for\u00eat, telles que l&rsquo;aguaje et l&rsquo;a\u00e7a\u00ef. De ces fruits end\u00e9miques, nous souhaitons extraire et vendre de l&rsquo;huile, ce qui permettra aux participants des communaut\u00e9s de diversifier leurs sources de revenus et de se cr\u00e9er de nouvelles perspectives d&rsquo;avenir. Pour Biodiversit\u00e9 Amazonienne, c&rsquo;est une opportunit\u00e9 de financer le travail de conservation effectu\u00e9 par les gardes forestiers, en utilisant durablement des ressources naturelles et locales.<\/span><\/span><\/span><\/p>\n\n\n\n<p class=\"has-text-align-center\"><img loading=\"lazy\" class=\"alignnone wp-image-897 size-full\" src=\"http:\/\/biodiversite-amazonienne.org\/wp-content\/uploads\/2021\/04\/Image-aguaje.jpg\" alt=\"\" width=\"960\" height=\"540\" srcset=\"https:\/\/biodiversite-amazonienne.org\/wp-content\/uploads\/2021\/04\/Image-aguaje.jpg 960w, https:\/\/biodiversite-amazonienne.org\/wp-content\/uploads\/2021\/04\/Image-aguaje-300x169.jpg 300w, https:\/\/biodiversite-amazonienne.org\/wp-content\/uploads\/2021\/04\/Image-aguaje-768x432.jpg 768w\" sizes=\"(max-width: 767px) 89vw, (max-width: 1000px) 54vw, (max-width: 1071px) 543px, 580px\" \/><br>Culture durable de l&rsquo;Aguaje<\/p>\n\n\n\n<div class=\"wp-block-image\"><figure class=\"aligncenter\"><img loading=\"lazy\" width=\"996\" height=\"570\" src=\"http:\/\/biodiversite-amazonienne.org\/wp-content\/uploads\/2018\/06\/fsq.png\" alt=\"\" class=\"wp-image-408\" srcset=\"https:\/\/biodiversite-amazonienne.org\/wp-content\/uploads\/2018\/06\/fsq.png 996w, https:\/\/biodiversite-amazonienne.org\/wp-content\/uploads\/2018\/06\/fsq-300x172.png 300w, https:\/\/biodiversite-amazonienne.org\/wp-content\/uploads\/2018\/06\/fsq-768x440.png 768w\" sizes=\"(max-width: 767px) 89vw, (max-width: 1000px) 54vw, (max-width: 1071px) 543px, 580px\" \/><\/figure><\/div>\n\n\n\n<p class=\"has-text-align-center\">Elevage d&rsquo;abeilles natives<\/p>\n","protected":false},"excerpt":{"rendered":"<p>L&rsquo;implication des communaut\u00e9s est essentielle dans la conservation de la biodiversit\u00e9, c&rsquo;est en cela que Biodiversit\u00e9 Amazonienne travaille pour que les b\u00e9n\u00e9fices de la conservation soient moteur de d\u00e9veloppement pour les communaut\u00e9s. Le d\u00e9fi le plus important consiste \u00e0 d\u00e9montrer, par une bonne gestion sur le terrain, qu&rsquo;il est possible d&rsquo;am\u00e9liorer le mode de vie &hellip; <\/p>\n<p class=\"link-more\"><a href=\"https:\/\/biodiversite-amazonienne.org\/index.php\/alternatives-economiques\/\" class=\"more-link\">Continuer la lecture<span class=\"screen-reader-text\"> de &laquo;&nbsp;Alternatives \u00e9conomiques&nbsp;&raquo;<\/span><\/a><\/p>\n","protected":false},"author":1,"featured_media":317,"parent":0,"menu_order":0,"comment_status":"closed","ping_status":"closed","template":"","meta":[],"_links":{"self":[{"href":"https:\/\/biodiversite-amazonienne.org\/index.php\/wp-json\/wp\/v2\/pages\/216"}],"collection":[{"href":"https:\/\/biodiversite-amazonienne.org\/index.php\/wp-json\/wp\/v2\/pages"}],"about":[{"href":"https:\/\/biodiversite-amazonienne.org\/index.php\/wp-json\/wp\/v2\/types\/page"}],"author":[{"embeddable":true,"href":"https:\/\/biodiversite-amazonienne.org\/index.php\/wp-json\/wp\/v2\/users\/1"}],"replies":[{"embeddable":true,"href":"https:\/\/biodiversite-amazonienne.org\/index.php\/wp-json\/wp\/v2\/comments?post=216"}],"version-history":[{"count":7,"href":"https:\/\/biodiversite-amazonienne.org\/index.php\/wp-json\/wp\/v2\/pages\/216\/revisions"}],"predecessor-version":[{"id":1643,"href":"https:\/\/biodiversite-amazonienne.org\/index.php\/wp-json\/wp\/v2\/pages\/216\/revisions\/1643"}],"wp:featuredmedia":[{"embeddable":true,"href":"https:\/\/biodiversite-amazonienne.org\/index.php\/wp-json\/wp\/v2\/media\/317"}],"wp:attachment":[{"href":"https:\/\/biodiversite-amazonienne.org\/index.php\/wp-json\/wp\/v2\/media?parent=216"}],"curies":[{"name":"wp","href":"https:\/\/api.w.org\/{rel}","templated":true}]}}